{"id":2075,"date":"2026-04-08T15:31:02","date_gmt":"2026-04-08T13:31:02","guid":{"rendered":"http:\/\/prodtest.bouji.fr\/?page_id=2075"},"modified":"2026-04-08T15:31:02","modified_gmt":"2026-04-08T13:31:02","slug":"parcs","status":"publish","type":"page","link":"https:\/\/prodtest.bouji.fr\/index.php\/parcs\/","title":{"rendered":"Parcs"},"content":{"rendered":"\n<p>La commune de Lenoncourt dispose de plusieurs espaces ext\u00e9rieurs permettant \u00e0 chacun de profiter de moments de d\u00e9tente, de jeux et de convivialit\u00e9 en plein air.<\/p>\n\n\n\n<hr class=\"wp-block-separator has-alpha-channel-opacity\"\/>\n\n\n\n<h3 class=\"wp-block-heading\">Le parc de jeux<\/h3>\n\n\n\n<p>Situ\u00e9 \u00e0 l\u2019entr\u00e9e du village, \u00e0 proximit\u00e9 imm\u00e9diate de l\u2019\u00e9cole, le&nbsp;<strong>parc de jeux<\/strong>&nbsp;est un lieu privil\u00e9gi\u00e9 pour les enfants et les familles.<\/p>\n\n\n\n<p>\ud83d\udc49 Ce parc offre :<\/p>\n\n\n\n<ul class=\"wp-block-list\">\n<li><strong>De nombreux jeux adapt\u00e9s aux enfants<\/strong><\/li>\n\n\n\n<li><strong>Un espace vaste<\/strong>, id\u00e9al pour jouer et se d\u00e9penser<\/li>\n\n\n\n<li><strong>Un site enti\u00e8rement s\u00e9curis\u00e9 par un grillage<\/strong><\/li>\n\n\n\n<li><strong>Un entretien r\u00e9gulier<\/strong>\u00a0garantissant propret\u00e9 et s\u00e9curit\u00e9<\/li>\n<\/ul>\n\n\n\n<p>C\u2019est un lieu de vie incontournable pour les plus jeunes, favorisant les rencontres et les moments de partage.<\/p>\n\n\n\n<figure class=\"wp-block-image size-large is-style-default\"><img loading=\"lazy\" decoding=\"async\" width=\"1024\" height=\"682\" src=\"http:\/\/prodtest.bouji.fr\/wp-content\/uploads\/2026\/04\/parcjeux-1-1024x682.jpg\" alt=\"\" class=\"wp-image-2077\" srcset=\"https:\/\/prodtest.bouji.fr\/wp-content\/uploads\/2026\/04\/parcjeux-1-1024x682.jpg 1024w, https:\/\/prodtest.bouji.fr\/wp-content\/uploads\/2026\/04\/parcjeux-1-300x200.jpg 300w, https:\/\/prodtest.bouji.fr\/wp-content\/uploads\/2026\/04\/parcjeux-1-768x511.jpg 768w, https:\/\/prodtest.bouji.fr\/wp-content\/uploads\/2026\/04\/parcjeux-1-1536x1022.jpg 1536w, https:\/\/prodtest.bouji.fr\/wp-content\/uploads\/2026\/04\/parcjeux-1-2048x1363.jpg 2048w\" sizes=\"auto, (max-width: 1024px) 100vw, 1024px\" \/><\/figure>\n\n\n\n<hr class=\"wp-block-separator has-alpha-channel-opacity\"\/>\n\n\n\n<h3 class=\"wp-block-heading\"> Le parc communal<\/h3>\n\n\n\n<p>Le&nbsp;<strong>parc communal<\/strong>&nbsp;est un espace arbor\u00e9, calme et agr\u00e9able, accessible \u00e0 tous.<\/p>\n\n\n\n<p>Parfait pour se promener, se d\u00e9tendre ou simplement profiter de la nature, il constitue un v\u00e9ritable&nbsp;<strong>coin de verdure au c\u0153ur du village<\/strong>.<\/p>\n\n\n\n<figure class=\"wp-block-image size-large\"><img loading=\"lazy\" decoding=\"async\" width=\"1024\" height=\"682\" src=\"http:\/\/prodtest.bouji.fr\/wp-content\/uploads\/2026\/04\/parccommunal-1024x682.jpg\" alt=\"\" class=\"wp-image-2078\" srcset=\"https:\/\/prodtest.bouji.fr\/wp-content\/uploads\/2026\/04\/parccommunal-1024x682.jpg 1024w, https:\/\/prodtest.bouji.fr\/wp-content\/uploads\/2026\/04\/parccommunal-300x200.jpg 300w, https:\/\/prodtest.bouji.fr\/wp-content\/uploads\/2026\/04\/parccommunal-768x511.jpg 768w, https:\/\/prodtest.bouji.fr\/wp-content\/uploads\/2026\/04\/parccommunal-1536x1022.jpg 1536w, https:\/\/prodtest.bouji.fr\/wp-content\/uploads\/2026\/04\/parccommunal-2048x1363.jpg 2048w\" sizes=\"auto, (max-width: 1024px) 100vw, 1024px\" \/><\/figure>\n\n\n\n<hr class=\"wp-block-separator has-alpha-channel-opacity\"\/>\n","protected":false},"excerpt":{"rendered":"<p>La commune de Lenoncourt dispose de plusieurs espaces ext\u00e9rieurs permettant \u00e0 chacun de profiter de moments de d\u00e9tente, de jeux et de convivialit\u00e9 en plein air. Le parc de jeux Situ\u00e9 \u00e0 l\u2019entr\u00e9e du village, \u00e0 proximit\u00e9 imm\u00e9diate de l\u2019\u00e9cole, le&nbsp;parc de jeux&nbsp;est un lieu privil\u00e9gi\u00e9 pour les enfants et les familles. \ud83d\udc49 Ce parc [&hellip;]<\/p>\n","protected":false},"author":1,"featured_media":2076,"parent":0,"menu_order":0,"comment_status":"closed","ping_status":"closed","template":"","meta":{"footnotes":""},"class_list":["post-2075","page","type-page","status-publish","has-post-thumbnail","hentry"],"_links":{"self":[{"href":"https:\/\/prodtest.bouji.fr\/index.php\/wp-json\/wp\/v2\/pages\/2075","targetHints":{"allow":["GET"]}}],"collection":[{"href":"https:\/\/prodtest.bouji.fr\/index.php\/wp-json\/wp\/v2\/pages"}],"about":[{"href":"https:\/\/prodtest.bouji.fr\/index.php\/wp-json\/wp\/v2\/types\/page"}],"author":[{"embeddable":true,"href":"https:\/\/prodtest.bouji.fr\/index.php\/wp-json\/wp\/v2\/users\/1"}],"replies":[{"embeddable":true,"href":"https:\/\/prodtest.bouji.fr\/index.php\/wp-json\/wp\/v2\/comments?post=2075"}],"version-history":[{"count":1,"href":"https:\/\/prodtest.bouji.fr\/index.php\/wp-json\/wp\/v2\/pages\/2075\/revisions"}],"predecessor-version":[{"id":2080,"href":"https:\/\/prodtest.bouji.fr\/index.php\/wp-json\/wp\/v2\/pages\/2075\/revisions\/2080"}],"wp:featuredmedia":[{"embeddable":true,"href":"https:\/\/prodtest.bouji.fr\/index.php\/wp-json\/wp\/v2\/media\/2076"}],"wp:attachment":[{"href":"https:\/\/prodtest.bouji.fr\/index.php\/wp-json\/wp\/v2\/media?parent=2075"}],"curies":[{"name":"wp","href":"https:\/\/api.w.org\/{rel}","templated":true}]}}