{"id":1963,"date":"2026-03-24T12:43:04","date_gmt":"2026-03-24T11:43:04","guid":{"rendered":"http:\/\/prodtest.bouji.fr\/?page_id=1963"},"modified":"2026-04-08T15:15:29","modified_gmt":"2026-04-08T13:15:29","slug":"les-dechets","status":"publish","type":"page","link":"https:\/\/prodtest.bouji.fr\/index.php\/les-dechets\/","title":{"rendered":"Les d\u00e9chets"},"content":{"rendered":"\n<p>La gestion des d\u00e9chets est un service essentiel pour pr\u00e9server la propret\u00e9 de notre commune et prot\u00e9ger notre environnement.<br>Sur cette page, vous retrouverez les principales informations utiles concernant le tri, la collecte et les bonnes pratiques \u00e0 adopter au quotidien.<\/p>\n\n\n\n<h2 class=\"wp-block-heading\">Collecte des d\u00e9chets m\u00e9nagers<\/h2>\n\n\n\n<p>Les ordures m\u00e9nag\u00e8res sont collect\u00e9es selon le calendrier mis en place par la communaut\u00e9 de commune.<br>Nous invitons les habitants \u00e0 sortir leurs bacs la veille au soir du jour de ramassage, en veillant \u00e0 ne pas g\u00eaner la circulation des pi\u00e9tons et des v\u00e9hicules.<\/p>\n\n\n\n<a href=\"https:\/\/www.comcom-sgc.fr\/vivre\/dechets\/mon-jour-de-collecte\/#commune\"\n    class=\"lsvr-button lsvr-button--medium\"\n        >\n    Afficher les jours de collecte<\/a>\n\n\n\n\n<p><\/p>\n\n\n\n<p><\/p>\n\n\n\n<h2 class=\"wp-block-heading\">Tri s\u00e9lectif<\/h2>\n\n\n\n<p><strong>Le point de tri est situ\u00e9 au stade de football de Lenoncourt.<\/strong><\/p>\n\n\n\n<p>Le tri des d\u00e9chets permet de recycler de nombreux mat\u00e9riaux et de limiter l\u2019impact environnemental.<br>Pensez \u00e0 s\u00e9parer correctement :<\/p>\n\n\n\n<ul class=\"wp-block-list\">\n<li>les emballages recyclables<\/li>\n\n\n\n<li>le papier et le carton<\/li>\n\n\n\n<li>le verre<\/li>\n\n\n\n<li>les ordures m\u00e9nag\u00e8res r\u00e9siduelles<\/li>\n<\/ul>\n\n\n\n<p>Un tri bien r\u00e9alis\u00e9 contribue directement \u00e0 une meilleure valorisation des d\u00e9chets.<\/p>\n\n\n\n<h2 class=\"wp-block-heading\">Points d\u2019apport volontaire<\/h2>\n\n\n\n<p><strong>Le point de tri est situ\u00e9 au stade de football de Lenoncourt.<\/strong><\/p>\n\n\n\n<p>Merci de respecter les lieux et les horaires de d\u00e9p\u00f4t afin de limiter les nuisances sonores pour le voisinage.<\/p>\n\n\n\n<h2 class=\"wp-block-heading\">D\u00e9ch\u00e8terie<\/h2>\n\n\n\n<p>Les encombrants, d\u00e9chets verts, gravats, appareils \u00e9lectrom\u00e9nagers, cartons volumineux ou autres d\u00e9chets sp\u00e9cifiques ne doivent pas \u00eatre d\u00e9pos\u00e9s avec les ordures m\u00e9nag\u00e8res.<br>Ils doivent \u00eatre apport\u00e9s en d\u00e9ch\u00e8terie, dans les conditions fix\u00e9es par le service comp\u00e9tent.<\/p>\n\n\n\n<a href=\"https:\/\/www.comcom-sgc.fr\/vivre\/dechets\/je-vais-en-decheterie\/acces-decheterie-nancy\/\"\n    class=\"lsvr-button lsvr-button--medium\"\n        >\n    Infos d\u00e9ch\u00e8terie  <\/a>\n\n\n\n\n<h2 class=\"wp-block-heading\">D\u00e9chets verts<\/h2>\n\n\n\n<p>Les tontes de pelouse, tailles de haies, branchages et feuilles mortes doivent \u00eatre \u00e9vacu\u00e9s dans les fili\u00e8res adapt\u00e9es.<br>Il est important de ne pas les d\u00e9poser sur la voie publique ou dans la nature.<\/p>\n\n\n\n<p><strong>Les d\u00e9chets verts peuvent \u00eatre d\u00e9pos\u00e9s dans un point d\u2019apport volontaire situ\u00e9 entre Lenoncourt et Buissoncourt.<\/strong><\/p>\n\n\n\n<h2 class=\"wp-block-heading\">Rappel des bonnes pratiques<\/h2>\n\n\n\n<p>Pour pr\u00e9server notre cadre de vie, merci de :<\/p>\n\n\n\n<ul class=\"wp-block-list\">\n<li>respecter les consignes de tri<\/li>\n\n\n\n<li>ne pas d\u00e9poser de d\u00e9chets au pied des conteneurs<\/li>\n\n\n\n<li>ne pas abandonner d\u2019encombrants sur la voie publique<\/li>\n\n\n\n<li>utiliser les \u00e9quipements et services pr\u00e9vus \u00e0 cet effet<\/li>\n<\/ul>\n\n\n\n<h2 class=\"wp-block-heading\">Besoin d\u2019informations compl\u00e9mentaires ?<\/h2>\n\n\n\n<p>Pour toute question concernant la collecte, le tri ou l\u2019acc\u00e8s \u00e0 la d\u00e9ch\u00e8terie, vous pouvez contacter la Communaut\u00e9 de communes ou consulter les informations communiqu\u00e9es sur le site web de la ComCom <\/p>\n\n\n\n<a href=\"https:\/\/www.comcom-sgc.fr\/vivre\/dechets\/\"\n    class=\"lsvr-button lsvr-button--medium\"\n        >\n    Acc\u00e8s directs ComCom<\/a>\n\n","protected":false},"excerpt":{"rendered":"<p>La gestion des d\u00e9chets est un service essentiel pour pr\u00e9server la propret\u00e9 de notre commune et prot\u00e9ger notre environnement.Sur cette page, vous retrouverez les principales informations utiles concernant le tri, la collecte et les bonnes pratiques \u00e0 adopter au quotidien. Collecte des d\u00e9chets m\u00e9nagers Les ordures m\u00e9nag\u00e8res sont collect\u00e9es selon le calendrier mis en place [&hellip;]<\/p>\n","protected":false},"author":1,"featured_media":2064,"parent":0,"menu_order":0,"comment_status":"closed","ping_status":"closed","template":"","meta":{"footnotes":""},"class_list":["post-1963","page","type-page","status-publish","has-post-thumbnail","hentry"],"_links":{"self":[{"href":"https:\/\/prodtest.bouji.fr\/index.php\/wp-json\/wp\/v2\/pages\/1963","targetHints":{"allow":["GET"]}}],"collection":[{"href":"https:\/\/prodtest.bouji.fr\/index.php\/wp-json\/wp\/v2\/pages"}],"about":[{"href":"https:\/\/prodtest.bouji.fr\/index.php\/wp-json\/wp\/v2\/types\/page"}],"author":[{"embeddable":true,"href":"https:\/\/prodtest.bouji.fr\/index.php\/wp-json\/wp\/v2\/users\/1"}],"replies":[{"embeddable":true,"href":"https:\/\/prodtest.bouji.fr\/index.php\/wp-json\/wp\/v2\/comments?post=1963"}],"version-history":[{"count":3,"href":"https:\/\/prodtest.bouji.fr\/index.php\/wp-json\/wp\/v2\/pages\/1963\/revisions"}],"predecessor-version":[{"id":2035,"href":"https:\/\/prodtest.bouji.fr\/index.php\/wp-json\/wp\/v2\/pages\/1963\/revisions\/2035"}],"wp:featuredmedia":[{"embeddable":true,"href":"https:\/\/prodtest.bouji.fr\/index.php\/wp-json\/wp\/v2\/media\/2064"}],"wp:attachment":[{"href":"https:\/\/prodtest.bouji.fr\/index.php\/wp-json\/wp\/v2\/media?parent=1963"}],"curies":[{"name":"wp","href":"https:\/\/api.w.org\/{rel}","templated":true}]}}