{"id":1626,"date":"2026-03-18T15:20:03","date_gmt":"2026-03-18T14:20:03","guid":{"rendered":"http:\/\/prodtest.bouji.fr\/?page_id=1626"},"modified":"2026-03-24T12:32:58","modified_gmt":"2026-03-24T11:32:58","slug":"hebergements-tourisme-local","status":"publish","type":"page","link":"https:\/\/prodtest.bouji.fr\/index.php\/hebergements-tourisme-local\/","title":{"rendered":"H\u00e9bergements \/ tourisme local"},"content":{"rendered":"\n<p>Situ\u00e9 au c\u0153ur de la Lorraine, notre village de Lenoncourt vous accueille dans un cadre paisible, entre nature, patrimoine et convivialit\u00e9. Que vous soyez de passage pour quelques jours ou en s\u00e9jour prolong\u00e9, vous trouverez ici un environnement id\u00e9al pour vous ressourcer.<\/p>\n\n\n\n<!-- WORDBENCH POSTS (DIRECTORY) : begin -->\n<section class=\"lsvr-wordbench-post-grid lsvr-wordbench-post-grid--directory lsvr-wordbench-post-grid--style1 lsvr-wordbench-post-grid--layout-photogrid lsvr-wordbench-post-grid--layout-style-light\"\n        >\n    <div class=\"lsvr-wordbench-post-grid__bg\" style=\"opacity: 0.9\" aria-hidden=\"true\"><\/div>\n    <div class=\"lsvr-wordbench-post-grid__inner\">\n        <div class=\"lsvr-container\">\n            <div class=\"lsvr-wordbench-post-grid__content\">\n\n                \n                    <!-- SECTION HEADER : begin -->\n                    <header class=\"lsvr-wordbench-post-grid__header\">\n\n                        \n                            <h2 class=\"lsvr-wordbench-post-grid__title\">\n\n                                \n                                    <a href=\"https:\/\/prodtest.bouji.fr\/index.php\/directory-category\/hebergement\/\" class=\"lsvr-wordbench-post-grid__title-link\">Hebergements <\/a>\n\n                                \n                            <\/h2>\n\n                        \n                        \n                    <\/header>\n                    <!-- SECTION HEADER : end -->\n\n                \n                \n                \n                    <!-- POST LIST : begin -->\n                    <div class=\"lsvr-wordbench-post-grid__list-wrapper\">\n                        <div class=\"lsvr-wordbench-post-grid__list lsvr-grid lsvr-grid--1-cols lsvr-grid--sm-reset\"\n                            data-columns-count=\"1\">\n\n                            \n                                <div class=\"lsvr-wordbench-post-grid__item lsvr-grid__col\"\n\n                                                                            data-category=\"hebergement\"\n                                    >\n\n                                    <!-- POST : begin -->\n                                    <article class=\"lsvr-wordbench-post-grid__post post-1945 lsvr_listing type-lsvr_listing status-publish has-post-thumbnail hentry lsvr_listing_cat-hebergement\">\n\n                                        \n                                            <div class=\"lsvr-wordbench-post-grid__post-bg\"\n                                                 style=\"background-image: url( https:\/\/prodtest.bouji.fr\/wp-content\/uploads\/2026\/03\/rebranding-logo-airbnb-1024x576.jpg );\">\n                                                <div class=\"lsvr-wordbench-post-grid__post-inner\">\n\n                                                    \n                                                    <!-- POST TITLE : begin -->\n                                                    <h2 class=\"lsvr-wordbench-post-grid__post-title\">\n                                                        <a href=\"https:\/\/prodtest.bouji.fr\/index.php\/directory\/airbnb\/\" class=\"lsvr-wordbench-post-grid__post-title-link\" rel=\"bookmark\">Airbnb<\/a>\n                                                    <\/h2>\n                                                    <!-- POST TITLE : end -->\n\n                                                    \n                                                    <!-- OVERLAY LINK : begin -->\n                                                    <a href=\"https:\/\/prodtest.bouji.fr\/index.php\/directory\/airbnb\/\" class=\"lsvr-wordbench-post-grid__post-overlay-link\">\n                                                        <span class=\"screen-reader-text\">En savoir plus<\/span>\n                                                    <\/a>\n                                                    <!-- OVERLAY LINK : end -->\n\n                                                <\/div>\n                                            <\/div>\n\n                                        \n                                    <\/article>\n                                    <!-- POST : end -->\n\n                                <\/div>\n\n                            \n                                <div class=\"lsvr-wordbench-post-grid__item lsvr-grid__col\"\n\n                                                                            data-category=\"hebergement\"\n                                    >\n\n                                    <!-- POST : begin -->\n                                    <article class=\"lsvr-wordbench-post-grid__post post-1946 lsvr_listing type-lsvr_listing status-publish has-post-thumbnail hentry lsvr_listing_cat-hebergement\">\n\n                                        \n                                            <div class=\"lsvr-wordbench-post-grid__post-bg\"\n                                                 style=\"background-image: url( https:\/\/prodtest.bouji.fr\/wp-content\/uploads\/2026\/03\/gites-de-france-1920x960-1-1024x512.jpg );\">\n                                                <div class=\"lsvr-wordbench-post-grid__post-inner\">\n\n                                                    \n                                                    <!-- POST TITLE : begin -->\n                                                    <h2 class=\"lsvr-wordbench-post-grid__post-title\">\n                                                        <a href=\"https:\/\/prodtest.bouji.fr\/index.php\/directory\/gites-de-france\/\" class=\"lsvr-wordbench-post-grid__post-title-link\" rel=\"bookmark\">Gites de France<\/a>\n                                                    <\/h2>\n                                                    <!-- POST TITLE : end -->\n\n                                                    \n                                                    <!-- OVERLAY LINK : begin -->\n                                                    <a href=\"https:\/\/prodtest.bouji.fr\/index.php\/directory\/gites-de-france\/\" class=\"lsvr-wordbench-post-grid__post-overlay-link\">\n                                                        <span class=\"screen-reader-text\">En savoir plus<\/span>\n                                                    <\/a>\n                                                    <!-- OVERLAY LINK : end -->\n\n                                                <\/div>\n                                            <\/div>\n\n                                        \n                                    <\/article>\n                                    <!-- POST : end -->\n\n                                <\/div>\n\n                            \n                        <\/div>\n                    <\/div>\n                    <!-- POST LIST : end -->\n\n                \n                \n            <\/div>\n        <\/div>\n    <\/div>\n<\/section>\n<!-- WORDBENCH POSTS (DIRECTORY) : end -->\n\n\n\n\n<!-- WORDBENCH POSTS (DIRECTORY) : begin -->\n<section class=\"lsvr-wordbench-post-grid lsvr-wordbench-post-grid--directory lsvr-wordbench-post-grid--style1 lsvr-wordbench-post-grid--layout-photogrid lsvr-wordbench-post-grid--layout-style-light\"\n        >\n    <div class=\"lsvr-wordbench-post-grid__bg\" style=\"opacity: 0.9\" aria-hidden=\"true\"><\/div>\n    <div class=\"lsvr-wordbench-post-grid__inner\">\n        <div class=\"lsvr-container\">\n            <div class=\"lsvr-wordbench-post-grid__content\">\n\n                \n                    <!-- SECTION HEADER : begin -->\n                    <header class=\"lsvr-wordbench-post-grid__header\">\n\n                        \n                            <h2 class=\"lsvr-wordbench-post-grid__title\">\n\n                                \n                                    <a href=\"https:\/\/prodtest.bouji.fr\/index.php\/directory-category\/tourisme-local\/\" class=\"lsvr-wordbench-post-grid__title-link\">Tourisme Local<\/a>\n\n                                \n                            <\/h2>\n\n                        \n                        \n                    <\/header>\n                    <!-- SECTION HEADER : end -->\n\n                \n                \n                \n                    <!-- POST LIST : begin -->\n                    <div class=\"lsvr-wordbench-post-grid__list-wrapper\">\n                        <div class=\"lsvr-wordbench-post-grid__list lsvr-grid lsvr-grid--1-cols lsvr-grid--sm-reset\"\n                            data-columns-count=\"1\">\n\n                            \n                                <div class=\"lsvr-wordbench-post-grid__item lsvr-grid__col\"\n\n                                                                            data-category=\"tourisme-local\"\n                                    >\n\n                                    <!-- POST : begin -->\n                                    <article class=\"lsvr-wordbench-post-grid__post post-1956 lsvr_listing type-lsvr_listing status-publish has-post-thumbnail hentry lsvr_listing_cat-tourisme-local\">\n\n                                        \n                                            <div class=\"lsvr-wordbench-post-grid__post-bg\"\n                                                 style=\"background-image: url( https:\/\/prodtest.bouji.fr\/wp-content\/uploads\/2026\/03\/place-stanislas-ambiance-de-nuit-a-khaled-frikha-2-1920x1080-f50_50-1024x576.webp );\">\n                                                <div class=\"lsvr-wordbench-post-grid__post-inner\">\n\n                                                    \n                                                    <!-- POST TITLE : begin -->\n                                                    <h2 class=\"lsvr-wordbench-post-grid__post-title\">\n                                                        <a href=\"https:\/\/prodtest.bouji.fr\/index.php\/directory\/decouvrir-nancy\/\" class=\"lsvr-wordbench-post-grid__post-title-link\" rel=\"bookmark\">D\u00e9couvrir Nancy<\/a>\n                                                    <\/h2>\n                                                    <!-- POST TITLE : end -->\n\n                                                    \n                                                    <!-- OVERLAY LINK : begin -->\n                                                    <a href=\"https:\/\/prodtest.bouji.fr\/index.php\/directory\/decouvrir-nancy\/\" class=\"lsvr-wordbench-post-grid__post-overlay-link\">\n                                                        <span class=\"screen-reader-text\">En savoir plus<\/span>\n                                                    <\/a>\n                                                    <!-- OVERLAY LINK : end -->\n\n                                                <\/div>\n                                            <\/div>\n\n                                        \n                                    <\/article>\n                                    <!-- POST : end -->\n\n                                <\/div>\n\n                            \n                                <div class=\"lsvr-wordbench-post-grid__item lsvr-grid__col\"\n\n                                                                            data-category=\"tourisme-local\"\n                                    >\n\n                                    <!-- POST : begin -->\n                                    <article class=\"lsvr-wordbench-post-grid__post post-1953 lsvr_listing type-lsvr_listing status-publish has-post-thumbnail hentry lsvr_listing_cat-tourisme-local\">\n\n                                        \n                                            <div class=\"lsvr-wordbench-post-grid__post-bg\"\n                                                 style=\"background-image: url( https:\/\/prodtest.bouji.fr\/wp-content\/uploads\/2026\/03\/logo.png );\">\n                                                <div class=\"lsvr-wordbench-post-grid__post-inner\">\n\n                                                    \n                                                    <!-- POST TITLE : begin -->\n                                                    <h2 class=\"lsvr-wordbench-post-grid__post-title\">\n                                                        <a href=\"https:\/\/prodtest.bouji.fr\/index.php\/directory\/decouvrir-la-comcom\/\" class=\"lsvr-wordbench-post-grid__post-title-link\" rel=\"bookmark\">D\u00e9couvrir la ComCom<\/a>\n                                                    <\/h2>\n                                                    <!-- POST TITLE : end -->\n\n                                                    \n                                                    <!-- OVERLAY LINK : begin -->\n                                                    <a href=\"https:\/\/prodtest.bouji.fr\/index.php\/directory\/decouvrir-la-comcom\/\" class=\"lsvr-wordbench-post-grid__post-overlay-link\">\n                                                        <span class=\"screen-reader-text\">En savoir plus<\/span>\n                                                    <\/a>\n                                                    <!-- OVERLAY LINK : end -->\n\n                                                <\/div>\n                                            <\/div>\n\n                                        \n                                    <\/article>\n                                    <!-- POST : end -->\n\n                                <\/div>\n\n                            \n                        <\/div>\n                    <\/div>\n                    <!-- POST LIST : end -->\n\n                \n                \n            <\/div>\n        <\/div>\n    <\/div>\n<\/section>\n<!-- WORDBENCH POSTS (DIRECTORY) : end -->\n\n","protected":false},"excerpt":{"rendered":"<p>Situ\u00e9 au c\u0153ur de la Lorraine, notre village de Lenoncourt vous accueille dans un cadre paisible, entre nature, patrimoine et convivialit\u00e9. Que vous soyez de passage pour quelques jours ou en s\u00e9jour prolong\u00e9, vous trouverez ici un environnement id\u00e9al pour vous ressourcer.<\/p>\n","protected":false},"author":1,"featured_media":0,"parent":0,"menu_order":0,"comment_status":"closed","ping_status":"closed","template":"","meta":{"footnotes":""},"class_list":["post-1626","page","type-page","status-publish","hentry"],"_links":{"self":[{"href":"https:\/\/prodtest.bouji.fr\/index.php\/wp-json\/wp\/v2\/pages\/1626","targetHints":{"allow":["GET"]}}],"collection":[{"href":"https:\/\/prodtest.bouji.fr\/index.php\/wp-json\/wp\/v2\/pages"}],"about":[{"href":"https:\/\/prodtest.bouji.fr\/index.php\/wp-json\/wp\/v2\/types\/page"}],"author":[{"embeddable":true,"href":"https:\/\/prodtest.bouji.fr\/index.php\/wp-json\/wp\/v2\/users\/1"}],"replies":[{"embeddable":true,"href":"https:\/\/prodtest.bouji.fr\/index.php\/wp-json\/wp\/v2\/comments?post=1626"}],"version-history":[{"count":5,"href":"https:\/\/prodtest.bouji.fr\/index.php\/wp-json\/wp\/v2\/pages\/1626\/revisions"}],"predecessor-version":[{"id":1961,"href":"https:\/\/prodtest.bouji.fr\/index.php\/wp-json\/wp\/v2\/pages\/1626\/revisions\/1961"}],"wp:attachment":[{"href":"https:\/\/prodtest.bouji.fr\/index.php\/wp-json\/wp\/v2\/media?parent=1626"}],"curies":[{"name":"wp","href":"https:\/\/api.w.org\/{rel}","templated":true}]}}