{"id":1604,"date":"2026-03-18T14:47:07","date_gmt":"2026-03-18T13:47:07","guid":{"rendered":"http:\/\/prodtest.bouji.fr\/?page_id=1604"},"modified":"2026-04-07T21:54:14","modified_gmt":"2026-04-07T19:54:14","slug":"bibliotheque","status":"publish","type":"page","link":"https:\/\/prodtest.bouji.fr\/index.php\/bibliotheque\/","title":{"rendered":"Biblioth\u00e8que"},"content":{"rendered":"\n<p><\/p>\n\n\n\n<h3 class=\"wp-block-heading\"><em>Un espace de lecture, de partage\u2026 et bien plus encore<\/em><\/h3>\n\n\n\n<p><br>Chacun peut trouver son bonheur : romans, lectures jeunesse, d\u00e9couvertes\u2026 il y en a pour tous les go\u00fbts et tous les \u00e2ges.<\/p>\n\n\n\n<p>Depuis\u00a0<strong>2022<\/strong>, la biblioth\u00e8que fait partie du r\u00e9seau de la\u00a0<strong>M\u00e9diath\u00e8que d\u00e9partementale de Meurthe-et-Moselle<\/strong>, ce qui nous permet de vous proposer :<\/p>\n\n\n\n<p>\u2728 Un choix de livres encore plus large<br>\ud83c\udfa7 Des contenus num\u00e9riques accessibles<br>\ud83c\udfb2 Le pr\u00eat de jeux de soci\u00e9t\u00e9<br>\ud83d\udcd6 Des nouveaut\u00e9s r\u00e9guli\u00e8res<\/p>\n\n\n\n<hr class=\"wp-block-separator has-alpha-channel-opacity\"\/>\n\n\n\n<h2 class=\"wp-block-heading\"><strong>Pour qui ?<\/strong><\/h2>\n\n\n\n<p><strong>Tout public<\/strong><br>Petits, grands, lecteurs occasionnels ou passionn\u00e9s\u2026 tout le monde est le bienvenu !<\/p>\n\n\n\n<hr class=\"wp-block-separator has-alpha-channel-opacity\"\/>\n\n\n\n<h2 class=\"wp-block-heading\"><strong>Quand venir ?<\/strong><\/h2>\n\n\n\n<p><strong>Tous les mercredis<\/strong><br><strong>16h30 \u00e0 18h30<\/strong><\/p>\n\n\n\n<p>\u2600\ufe0f&nbsp;<em>En juillet et ao\u00fbt : ouverture un mercredi sur deux<\/em><\/p>\n\n\n\n<hr class=\"wp-block-separator has-alpha-channel-opacity\"\/>\n\n\n\n<h2 class=\"wp-block-heading\"><strong>Combien \u00e7a co\u00fbte ?<\/strong><\/h2>\n\n\n\n<p><strong>C\u2019est 100 % gratuit !<\/strong><\/p>\n\n\n\n<hr class=\"wp-block-separator has-alpha-channel-opacity\"\/>\n\n\n\n<h2 class=\"wp-block-heading\"><strong>O\u00f9 trouver la biblioth\u00e8que?<\/strong><\/h2>\n\n\n\n<p>\ud83d\udccc Rue du Presbyt\u00e8re<br>(Annexe de la salle polyvalente \u2013 Lenoncourt)<\/p>\n\n\n\n<hr class=\"wp-block-separator has-alpha-channel-opacity\"\/>\n\n\n\n<h2 class=\"wp-block-heading\"><strong>Contact<\/strong><\/h2>\n\n\n\n<a href=\"https:\/\/new.mabib.fr\/lenoncourt\"\n    class=\"lsvr-button lsvr-button--medium\"\n        >\n    Site web<\/a>\n\n\n\n\n<a href=\"mailto:bibliotheque@lenoncourt.fr\"\n    class=\"lsvr-button lsvr-button--medium\"\n        >\n    Mail<\/a>\n\n\n\n","protected":false},"excerpt":{"rendered":"<p>Un espace de lecture, de partage\u2026 et bien plus encore Chacun peut trouver son bonheur : romans, lectures jeunesse, d\u00e9couvertes\u2026 il y en a pour tous les go\u00fbts et tous les \u00e2ges. Depuis\u00a02022, la biblioth\u00e8que fait partie du r\u00e9seau de la\u00a0M\u00e9diath\u00e8que d\u00e9partementale de Meurthe-et-Moselle, ce qui nous permet de vous proposer : \u2728 Un choix [&hellip;]<\/p>\n","protected":false},"author":1,"featured_media":0,"parent":0,"menu_order":0,"comment_status":"closed","ping_status":"closed","template":"","meta":{"footnotes":""},"class_list":["post-1604","page","type-page","status-publish","hentry"],"_links":{"self":[{"href":"https:\/\/prodtest.bouji.fr\/index.php\/wp-json\/wp\/v2\/pages\/1604","targetHints":{"allow":["GET"]}}],"collection":[{"href":"https:\/\/prodtest.bouji.fr\/index.php\/wp-json\/wp\/v2\/pages"}],"about":[{"href":"https:\/\/prodtest.bouji.fr\/index.php\/wp-json\/wp\/v2\/types\/page"}],"author":[{"embeddable":true,"href":"https:\/\/prodtest.bouji.fr\/index.php\/wp-json\/wp\/v2\/users\/1"}],"replies":[{"embeddable":true,"href":"https:\/\/prodtest.bouji.fr\/index.php\/wp-json\/wp\/v2\/comments?post=1604"}],"version-history":[{"count":3,"href":"https:\/\/prodtest.bouji.fr\/index.php\/wp-json\/wp\/v2\/pages\/1604\/revisions"}],"predecessor-version":[{"id":2039,"href":"https:\/\/prodtest.bouji.fr\/index.php\/wp-json\/wp\/v2\/pages\/1604\/revisions\/2039"}],"wp:attachment":[{"href":"https:\/\/prodtest.bouji.fr\/index.php\/wp-json\/wp\/v2\/media?parent=1604"}],"curies":[{"name":"wp","href":"https:\/\/api.w.org\/{rel}","templated":true}]}}