{"id":1602,"date":"2026-03-18T14:46:50","date_gmt":"2026-03-18T13:46:50","guid":{"rendered":"http:\/\/prodtest.bouji.fr\/?page_id=1602"},"modified":"2026-04-08T15:25:09","modified_gmt":"2026-04-08T13:25:09","slug":"equipements-sportifs","status":"publish","type":"page","link":"https:\/\/prodtest.bouji.fr\/index.php\/equipements-sportifs\/","title":{"rendered":"\u00c9quipements sportifs"},"content":{"rendered":"\n<p><\/p>\n\n\n\n<p>La commune de Lenoncourt met \u00e0 disposition des habitants des \u00e9quipements sportifs accessibles et conviviaux, adapt\u00e9s \u00e0 tous les \u00e2ges.<\/p>\n\n\n\n<hr class=\"wp-block-separator has-alpha-channel-opacity\"\/>\n\n\n\n<h3 class=\"wp-block-heading\">Le stade de football<\/h3>\n\n\n\n<p>Le village dispose d\u2019un&nbsp;<strong>terrain de football<\/strong>&nbsp;utilis\u00e9 par le club local&nbsp;<strong>ASABL<\/strong>&nbsp;pour ses matchs et ses entra\u00eenements, notamment le mercredi.<\/p>\n\n\n\n<p>En dehors de ces cr\u00e9neaux, le stade reste&nbsp;<strong>accessible \u00e0 tous<\/strong>, permettant aux habitants de profiter librement de cet espace pour pratiquer une activit\u00e9 sportive.<\/p>\n\n\n\n<p>\ud83d\udc49 Le site est \u00e9quip\u00e9 de :<\/p>\n\n\n\n<ul class=\"wp-block-list\">\n<li><strong>Vestiaires<\/strong>\u00a0pour les joueurs<\/li>\n\n\n\n<li><strong>Un parking \u00e0 proximit\u00e9<\/strong>\u00a0facilitant l\u2019acc\u00e8s<\/li>\n<\/ul>\n\n\n\n<figure class=\"wp-block-gallery has-nested-images columns-default is-cropped wp-block-gallery-1 is-layout-flex wp-block-gallery-is-layout-flex\">\n<figure class=\"wp-block-image size-large\"><img loading=\"lazy\" decoding=\"async\" width=\"1024\" height=\"682\" data-id=\"2070\" src=\"http:\/\/prodtest.bouji.fr\/wp-content\/uploads\/2026\/04\/stade1-2-1024x682.jpg\" alt=\"\" class=\"wp-image-2070\" srcset=\"https:\/\/prodtest.bouji.fr\/wp-content\/uploads\/2026\/04\/stade1-2-1024x682.jpg 1024w, https:\/\/prodtest.bouji.fr\/wp-content\/uploads\/2026\/04\/stade1-2-300x200.jpg 300w, https:\/\/prodtest.bouji.fr\/wp-content\/uploads\/2026\/04\/stade1-2-768x511.jpg 768w, https:\/\/prodtest.bouji.fr\/wp-content\/uploads\/2026\/04\/stade1-2-1536x1022.jpg 1536w, https:\/\/prodtest.bouji.fr\/wp-content\/uploads\/2026\/04\/stade1-2-2048x1363.jpg 2048w\" sizes=\"auto, (max-width: 1024px) 100vw, 1024px\" \/><\/figure>\n\n\n\n<figure class=\"wp-block-image size-large\"><img loading=\"lazy\" decoding=\"async\" width=\"1024\" height=\"682\" data-id=\"2069\" src=\"http:\/\/prodtest.bouji.fr\/wp-content\/uploads\/2026\/04\/stade2-1024x682.jpg\" alt=\"\" class=\"wp-image-2069\" srcset=\"https:\/\/prodtest.bouji.fr\/wp-content\/uploads\/2026\/04\/stade2-1024x682.jpg 1024w, https:\/\/prodtest.bouji.fr\/wp-content\/uploads\/2026\/04\/stade2-300x200.jpg 300w, https:\/\/prodtest.bouji.fr\/wp-content\/uploads\/2026\/04\/stade2-768x511.jpg 768w, https:\/\/prodtest.bouji.fr\/wp-content\/uploads\/2026\/04\/stade2-1536x1022.jpg 1536w, https:\/\/prodtest.bouji.fr\/wp-content\/uploads\/2026\/04\/stade2-2048x1363.jpg 2048w\" sizes=\"auto, (max-width: 1024px) 100vw, 1024px\" \/><\/figure>\n<\/figure>\n\n\n\n<hr class=\"wp-block-separator has-alpha-channel-opacity\"\/>\n\n\n\n<h3 class=\"wp-block-heading\">Le city stade<\/h3>\n\n\n\n<p>Situ\u00e9 en contrebas du terrain de football, le&nbsp;<strong>city stade<\/strong>&nbsp;est un espace multisports en acc\u00e8s libre.<\/p>\n\n\n\n<p>Il permet aux enfants, adolescents et adultes de pratiquer diff\u00e9rentes activit\u00e9s (football, basket, jeux libres\u2026) dans un cadre s\u00e9curis\u00e9 et convivial.<\/p>\n\n\n\n<hr class=\"wp-block-separator has-alpha-channel-opacity\"\/>\n\n\n\n<figure class=\"wp-block-gallery has-nested-images columns-default is-cropped wp-block-gallery-2 is-layout-flex wp-block-gallery-is-layout-flex\"><div class=\"wp-block-image\">\n<figure class=\"aligncenter size-large\"><img loading=\"lazy\" decoding=\"async\" width=\"1024\" height=\"682\" data-id=\"2073\" src=\"http:\/\/prodtest.bouji.fr\/wp-content\/uploads\/2026\/04\/citystade-1-1024x682.jpg\" alt=\"\" class=\"wp-image-2073\" srcset=\"https:\/\/prodtest.bouji.fr\/wp-content\/uploads\/2026\/04\/citystade-1-1024x682.jpg 1024w, https:\/\/prodtest.bouji.fr\/wp-content\/uploads\/2026\/04\/citystade-1-300x200.jpg 300w, https:\/\/prodtest.bouji.fr\/wp-content\/uploads\/2026\/04\/citystade-1-768x511.jpg 768w, https:\/\/prodtest.bouji.fr\/wp-content\/uploads\/2026\/04\/citystade-1-1536x1022.jpg 1536w, https:\/\/prodtest.bouji.fr\/wp-content\/uploads\/2026\/04\/citystade-1-2048x1363.jpg 2048w\" sizes=\"auto, (max-width: 1024px) 100vw, 1024px\" \/><\/figure>\n<\/div><\/figure>\n\n\n\n<p><\/p>\n","protected":false},"excerpt":{"rendered":"<p>La commune de Lenoncourt met \u00e0 disposition des habitants des \u00e9quipements sportifs accessibles et conviviaux, adapt\u00e9s \u00e0 tous les \u00e2ges. Le stade de football Le village dispose d\u2019un&nbsp;terrain de football&nbsp;utilis\u00e9 par le club local&nbsp;ASABL&nbsp;pour ses matchs et ses entra\u00eenements, notamment le mercredi. En dehors de ces cr\u00e9neaux, le stade reste&nbsp;accessible \u00e0 tous, permettant aux habitants [&hellip;]<\/p>\n","protected":false},"author":1,"featured_media":2065,"parent":0,"menu_order":0,"comment_status":"closed","ping_status":"closed","template":"","meta":{"footnotes":""},"class_list":["post-1602","page","type-page","status-publish","has-post-thumbnail","hentry"],"_links":{"self":[{"href":"https:\/\/prodtest.bouji.fr\/index.php\/wp-json\/wp\/v2\/pages\/1602","targetHints":{"allow":["GET"]}}],"collection":[{"href":"https:\/\/prodtest.bouji.fr\/index.php\/wp-json\/wp\/v2\/pages"}],"about":[{"href":"https:\/\/prodtest.bouji.fr\/index.php\/wp-json\/wp\/v2\/types\/page"}],"author":[{"embeddable":true,"href":"https:\/\/prodtest.bouji.fr\/index.php\/wp-json\/wp\/v2\/users\/1"}],"replies":[{"embeddable":true,"href":"https:\/\/prodtest.bouji.fr\/index.php\/wp-json\/wp\/v2\/comments?post=1602"}],"version-history":[{"count":2,"href":"https:\/\/prodtest.bouji.fr\/index.php\/wp-json\/wp\/v2\/pages\/1602\/revisions"}],"predecessor-version":[{"id":2074,"href":"https:\/\/prodtest.bouji.fr\/index.php\/wp-json\/wp\/v2\/pages\/1602\/revisions\/2074"}],"wp:featuredmedia":[{"embeddable":true,"href":"https:\/\/prodtest.bouji.fr\/index.php\/wp-json\/wp\/v2\/media\/2065"}],"wp:attachment":[{"href":"https:\/\/prodtest.bouji.fr\/index.php\/wp-json\/wp\/v2\/media?parent=1602"}],"curies":[{"name":"wp","href":"https:\/\/api.w.org\/{rel}","templated":true}]}}