{"id":16,"date":"2026-03-18T13:27:55","date_gmt":"2026-03-18T12:27:55","guid":{"rendered":"http:\/\/prodtest.bouji.fr\/?page_id=16"},"modified":"2026-03-22T23:07:36","modified_gmt":"2026-03-22T22:07:36","slug":"mot-du-maire","status":"publish","type":"page","link":"https:\/\/prodtest.bouji.fr\/index.php\/mot-du-maire\/","title":{"rendered":"Mot du maire"},"content":{"rendered":"<div class=\"wp-block-image\">\n<figure class=\"aligncenter size-large\"><img loading=\"lazy\" decoding=\"async\" width=\"1024\" height=\"683\" src=\"http:\/\/prodtest.bouji.fr\/wp-content\/uploads\/2026\/03\/portrait-smiling-senior-businessman-library-1024x683.jpg\" alt=\"\" class=\"wp-image-1796\" srcset=\"https:\/\/prodtest.bouji.fr\/wp-content\/uploads\/2026\/03\/portrait-smiling-senior-businessman-library-1024x683.jpg 1024w, https:\/\/prodtest.bouji.fr\/wp-content\/uploads\/2026\/03\/portrait-smiling-senior-businessman-library-300x200.jpg 300w, https:\/\/prodtest.bouji.fr\/wp-content\/uploads\/2026\/03\/portrait-smiling-senior-businessman-library-768x512.jpg 768w, https:\/\/prodtest.bouji.fr\/wp-content\/uploads\/2026\/03\/portrait-smiling-senior-businessman-library-1536x1024.jpg 1536w, https:\/\/prodtest.bouji.fr\/wp-content\/uploads\/2026\/03\/portrait-smiling-senior-businessman-library-2048x1365.jpg 2048w\" sizes=\"auto, (max-width: 1024px) 100vw, 1024px\" \/><\/figure>\n<\/div>\n\n\n<p class=\"has-text-align-center\"><strong>Lenoncourt, mon village, mon engagement<\/strong><\/p>\n\n\n\n<p><br>Attach\u00e9 \u00e0 ce village depuis ma naissance, j&rsquo;ai \u00e0 c\u0153ur de d\u00e9fendre les int\u00e9r\u00eats de tous ses habitants. Lenoncourt fait partie de mon histoire, de mon quotidien et de celui de ma famille. C&rsquo;est pourquoi je souhaite m&rsquo;engager avec s\u00e9rieux et proximit\u00e9, \u00e0 l&rsquo;\u00e9coute de chacun, pour pr\u00e9server notre cadre de vie, am\u00e9liorer le quotidien et construire ensemble un village o\u00f9 li fait bon vivre, aujourd&rsquo;hui comme demain.<\/p>\n\n\n\n<p class=\"has-text-align-center\"><br><strong>Ma vision du r\u00f4le de maire aujourd hui: \u00eatre proche des Lenoncourtois(es) et de leurs pr\u00e9occupations.<\/strong><\/p>\n\n\n\n<p><br>Je m&rsquo;engage \u00e0 m&rsquo;investir pleinement, en temps et en moyens, pour am\u00e9liorer le mieux-vivre \u00e0 Lenoncourt. Je m&rsquo;attacherai \u00e0 mettre en valeur notre village tout en veillant \u00e0 une gestion responsable et ma\u00eetris\u00e9e du budget communal.<br>lI est \u00e9galement essentiel de renouer des liens forts avec les communes voisines et la communaut\u00e9 de communes, afin de construire des projets utiles et coh\u00e9rents pour notre territoire.<br>Je compte sur la participation de toutes celles et ceux qui se sentent concern\u00e9s pour nourrir la r\u00e9flexion engag\u00e9e par mon \u00e9quipe. Un travail cons\u00e9quent, men\u00e9 depuis plusieurs mois, a d\u00e9j\u00e0 permis l&rsquo;\u00e9laboration de notre programme.<\/p>\n\n\n\n<p><br>La communication et le dialogue entre nous auront une place centrale. Le maire ne peut, et ne doit pas, agir seul. J&rsquo;ai besoin des comp\u00e9tences, des id\u00e9es et des envies de chacun. Notre village sera ce que nous d\u00e9ciderons d&rsquo;en faire ensemble.<\/p>\n\n\n\n<p><br>Lenoncourt ne se r\u00e9sume pas \u00e0 des murs, des routes ou des chiffres. Lenoncourt, c&rsquo;est nous.<br>C&rsquo;est notre quotidien, nos familles, nos enfants, nos anciens, nos projets et notre avenir commun.<br>Je ne vous propose pas des promesses en l&rsquo;air, mais un engagement sinc\u00e8re : travailler avec vous, pour vous, dans le respect, la transparence et l&rsquo;int\u00e9r\u00eat g\u00e9n\u00e9ral.<\/p>\n\n\n\n<div class=\"wp-block-columns is-layout-flex wp-container-core-columns-is-layout-9d6595d7 wp-block-columns-is-layout-flex\">\n<div class=\"wp-block-column is-layout-flow wp-block-column-is-layout-flow\" style=\"flex-basis:33.34%\"><\/div>\n\n\n\n<div class=\"wp-block-column is-layout-flow wp-block-column-is-layout-flow\" style=\"flex-basis:33.34%\"><\/div>\n\n\n\n<div class=\"wp-block-column is-layout-flow wp-block-column-is-layout-flow\" style=\"flex-basis:33.33%\"><\/div>\n<\/div>\n","protected":false},"excerpt":{"rendered":"<p>Lenoncourt, mon village, mon engagement Attach\u00e9 \u00e0 ce village depuis ma naissance, j&rsquo;ai \u00e0 c\u0153ur de d\u00e9fendre les int\u00e9r\u00eats de tous ses habitants. Lenoncourt fait partie de mon histoire, de mon quotidien et de celui de ma famille. C&rsquo;est pourquoi je souhaite m&rsquo;engager avec s\u00e9rieux et proximit\u00e9, \u00e0 l&rsquo;\u00e9coute de chacun, pour pr\u00e9server notre cadre [&hellip;]<\/p>\n","protected":false},"author":1,"featured_media":0,"parent":0,"menu_order":0,"comment_status":"closed","ping_status":"closed","template":"","meta":{"footnotes":""},"class_list":["post-16","page","type-page","status-publish","hentry"],"_links":{"self":[{"href":"https:\/\/prodtest.bouji.fr\/index.php\/wp-json\/wp\/v2\/pages\/16","targetHints":{"allow":["GET"]}}],"collection":[{"href":"https:\/\/prodtest.bouji.fr\/index.php\/wp-json\/wp\/v2\/pages"}],"about":[{"href":"https:\/\/prodtest.bouji.fr\/index.php\/wp-json\/wp\/v2\/types\/page"}],"author":[{"embeddable":true,"href":"https:\/\/prodtest.bouji.fr\/index.php\/wp-json\/wp\/v2\/users\/1"}],"replies":[{"embeddable":true,"href":"https:\/\/prodtest.bouji.fr\/index.php\/wp-json\/wp\/v2\/comments?post=16"}],"version-history":[{"count":4,"href":"https:\/\/prodtest.bouji.fr\/index.php\/wp-json\/wp\/v2\/pages\/16\/revisions"}],"predecessor-version":[{"id":1797,"href":"https:\/\/prodtest.bouji.fr\/index.php\/wp-json\/wp\/v2\/pages\/16\/revisions\/1797"}],"wp:attachment":[{"href":"https:\/\/prodtest.bouji.fr\/index.php\/wp-json\/wp\/v2\/media?parent=16"}],"curies":[{"name":"wp","href":"https:\/\/api.w.org\/{rel}","templated":true}]}}