{"id":1552,"date":"2026-03-18T14:38:23","date_gmt":"2026-03-18T13:38:23","guid":{"rendered":"http:\/\/prodtest.bouji.fr\/?page_id=1552"},"modified":"2026-04-08T15:19:40","modified_gmt":"2026-04-08T13:19:40","slug":"cantine","status":"publish","type":"page","link":"https:\/\/prodtest.bouji.fr\/index.php\/cantine\/","title":{"rendered":"Cantine"},"content":{"rendered":"\n<h3 class=\"wp-block-heading\">La pause m\u00e9ridienne des enfants de Lenoncourt<\/h3>\n\n\n\n<p>Pour les \u00e9l\u00e8ves de l\u2019\u00e9cole de Lenoncourt, la pause du midi est organis\u00e9e de mani\u00e8re encadr\u00e9e, conviviale et adapt\u00e9e \u00e0 leur rythme.<\/p>\n\n\n\n<p><strong>Accueil et temps de jeux<\/strong><br>\u00c0 12h00, les enfants sont accueillis devant la structure\u00a0<em>Tic Tac Accueil<\/em>\u00a0par un membre de l\u2019\u00e9quipe.<br>Ils profitent ensuite d\u2019un temps de d\u00e9tente dans le parc, aux c\u00f4t\u00e9s des enfants de l\u2019\u00e9cole d\u2019Haraucourt, jusqu\u2019\u00e0 12h20.<\/p>\n\n\n\n<p><strong>Repas \u00e0 la cantine<\/strong><br>Vers 12h30, les enfants rejoignent la cantine situ\u00e9e \u00e0 l\u2019annexe de la Maison du Sel.<br>Depuis peu, un fonctionnement en\u00a0<strong>self-service<\/strong>\u00a0a \u00e9t\u00e9 mis en place pour les plus grands : chaque enfant compose son plateau (entr\u00e9e, plat, produit laitier, dessert) selon ses envies, avec l\u2019accompagnement de l\u2019\u00e9quipe.<br>Ce syst\u00e8me favorise \u00e0 la fois l\u2019autonomie et le respect du rythme de chacun.<\/p>\n\n\n\n<p><strong>Temps libre apr\u00e8s le repas<\/strong><br>Une fois le repas termin\u00e9, les enfants disposent d\u2019un moment de d\u00e9tente en ext\u00e9rieur (selon la m\u00e9t\u00e9o), dans le parc situ\u00e9 \u00e0 proximit\u00e9 de la cantine.<\/p>\n\n\n\n<p><strong>Retour \u00e0 l\u2019\u00e9cole<\/strong><br>Aux alentours de 13h20, les enfants de Lenoncourt reprennent le bus pour retourner dans leur \u00e9cole.<\/p>\n\n\n\n<p><strong>Encadrement<\/strong><br>L\u2019ensemble des d\u00e9placements et des temps d\u2019activit\u00e9 est encadr\u00e9 par les membres de l\u2019\u00e9quipe.<br>Les enfants de Lenoncourt participent au\u00a0<strong>deuxi\u00e8me service<\/strong>, la pause m\u00e9ridienne \u00e9tant organis\u00e9e en deux temps.<\/p>\n\n\n\n<hr class=\"wp-block-separator has-alpha-channel-opacity\"\/>\n\n\n\n<h3 class=\"wp-block-heading\">Tarifs<\/h3>\n\n\n\n<ul class=\"wp-block-list\">\n<li>Repas (garderie incluse) :\u00a0<strong>7,95 \u20ac<\/strong><\/li>\n\n\n\n<li>Absence injustifi\u00e9e :\u00a0<strong>4,90 \u20ac factur\u00e9s<\/strong><\/li>\n<\/ul>\n\n\n\n<hr class=\"wp-block-separator has-alpha-channel-opacity\"\/>\n\n\n\n<h3 class=\"wp-block-heading\">Contact<\/h3>\n\n\n\n<p>Pour toute information compl\u00e9mentaire :<br><strong>Tic Tac Accueil<\/strong>&nbsp;\u2013 09 84 04 41 81<\/p>\n","protected":false},"excerpt":{"rendered":"<p>La pause m\u00e9ridienne des enfants de Lenoncourt Pour les \u00e9l\u00e8ves de l\u2019\u00e9cole de Lenoncourt, la pause du midi est organis\u00e9e de mani\u00e8re encadr\u00e9e, conviviale et adapt\u00e9e \u00e0 leur rythme. Accueil et temps de jeux\u00c0 12h00, les enfants sont accueillis devant la structure\u00a0Tic Tac Accueil\u00a0par un membre de l\u2019\u00e9quipe.Ils profitent ensuite d\u2019un temps de d\u00e9tente dans [&hellip;]<\/p>\n","protected":false},"author":1,"featured_media":2066,"parent":0,"menu_order":0,"comment_status":"closed","ping_status":"closed","template":"","meta":{"footnotes":""},"class_list":["post-1552","page","type-page","status-publish","has-post-thumbnail","hentry"],"_links":{"self":[{"href":"https:\/\/prodtest.bouji.fr\/index.php\/wp-json\/wp\/v2\/pages\/1552","targetHints":{"allow":["GET"]}}],"collection":[{"href":"https:\/\/prodtest.bouji.fr\/index.php\/wp-json\/wp\/v2\/pages"}],"about":[{"href":"https:\/\/prodtest.bouji.fr\/index.php\/wp-json\/wp\/v2\/types\/page"}],"author":[{"embeddable":true,"href":"https:\/\/prodtest.bouji.fr\/index.php\/wp-json\/wp\/v2\/users\/1"}],"replies":[{"embeddable":true,"href":"https:\/\/prodtest.bouji.fr\/index.php\/wp-json\/wp\/v2\/comments?post=1552"}],"version-history":[{"count":2,"href":"https:\/\/prodtest.bouji.fr\/index.php\/wp-json\/wp\/v2\/pages\/1552\/revisions"}],"predecessor-version":[{"id":2067,"href":"https:\/\/prodtest.bouji.fr\/index.php\/wp-json\/wp\/v2\/pages\/1552\/revisions\/2067"}],"wp:featuredmedia":[{"embeddable":true,"href":"https:\/\/prodtest.bouji.fr\/index.php\/wp-json\/wp\/v2\/media\/2066"}],"wp:attachment":[{"href":"https:\/\/prodtest.bouji.fr\/index.php\/wp-json\/wp\/v2\/media?parent=1552"}],"curies":[{"name":"wp","href":"https:\/\/api.w.org\/{rel}","templated":true}]}}