{"id":1543,"date":"2026-03-18T14:37:51","date_gmt":"2026-03-18T13:37:51","guid":{"rendered":"http:\/\/prodtest.bouji.fr\/?page_id=1543"},"modified":"2026-04-08T15:14:47","modified_gmt":"2026-04-08T13:14:47","slug":"ecole","status":"publish","type":"page","link":"https:\/\/prodtest.bouji.fr\/index.php\/ecole\/","title":{"rendered":"\u00c9cole"},"content":{"rendered":"\n<p>L\u2019\u00e9cole primaire de Lenoncourt accueille les enfants du village dans un cadre agr\u00e9able, calme et \u00e0 taille humaine, favorisant l\u2019apprentissage et le bien-\u00eatre de chacun.<\/p>\n\n\n\n<p>Elle se compose de&nbsp;<strong>deux classes multi-niveaux<\/strong>&nbsp;:<\/p>\n\n\n\n<ul class=\"wp-block-list\">\n<li>une classe regroupant les \u00e9l\u00e8ves de\u00a0<strong>Grande Section, CP et CE1<\/strong>,<\/li>\n\n\n\n<li>une seconde classe accueillant les\u00a0<strong>CE2, CM1 et CM2<\/strong>.<\/li>\n<\/ul>\n\n\n\n<p>Cette organisation permet un suivi personnalis\u00e9 des \u00e9l\u00e8ves et une vraie proximit\u00e9 entre enseignants, enfants et familles.<\/p>\n\n\n\n<p>L\u2019\u00e9cole dispose d\u2019\u00e9quipements adapt\u00e9s :<\/p>\n\n\n\n<ul class=\"wp-block-list\">\n<li>un\u00a0<strong>pr\u00e9au<\/strong>\u00a0pour abriter les enfants,<\/li>\n\n\n\n<li>un\u00a0<strong>bloc sanitaire<\/strong>,<\/li>\n\n\n\n<li>une\u00a0<strong>grande cour de r\u00e9cr\u00e9ation<\/strong>\u00a0propice aux jeux et aux activit\u00e9s ext\u00e9rieures,<\/li>\n\n\n\n<li>ainsi qu\u2019un\u00a0<strong>magnifique marronnier class\u00e9<\/strong>, v\u00e9ritable \u00e9l\u00e9ment embl\u00e9matique de l\u2019\u00e9cole, offrant ombre et charme au quotidien.<\/li>\n<\/ul>\n\n\n\n<p>Le temps de midi est organis\u00e9 en partenariat avec le&nbsp;<strong>SIS Charles Perrault \u00e0 Haraucourt<\/strong>, o\u00f9 les enfants se rendent en&nbsp;<strong>bus<\/strong>&nbsp;pour la restauration scolaire.<\/p>\n\n\n\n<a href=\"mailto:ce.0540630S@ac-nancy-metz.fr\"\n    class=\"lsvr-button lsvr-button--medium\"\n        >\n    Mail<\/a>\n\n\n\n\n<p><\/p>\n","protected":false},"excerpt":{"rendered":"<p>L\u2019\u00e9cole primaire de Lenoncourt accueille les enfants du village dans un cadre agr\u00e9able, calme et \u00e0 taille humaine, favorisant l\u2019apprentissage et le bien-\u00eatre de chacun. Elle se compose de&nbsp;deux classes multi-niveaux&nbsp;: Cette organisation permet un suivi personnalis\u00e9 des \u00e9l\u00e8ves et une vraie proximit\u00e9 entre enseignants, enfants et familles. L\u2019\u00e9cole dispose d\u2019\u00e9quipements adapt\u00e9s : Le temps [&hellip;]<\/p>\n","protected":false},"author":1,"featured_media":2063,"parent":0,"menu_order":0,"comment_status":"closed","ping_status":"closed","template":"","meta":{"footnotes":""},"class_list":["post-1543","page","type-page","status-publish","has-post-thumbnail","hentry"],"_links":{"self":[{"href":"https:\/\/prodtest.bouji.fr\/index.php\/wp-json\/wp\/v2\/pages\/1543","targetHints":{"allow":["GET"]}}],"collection":[{"href":"https:\/\/prodtest.bouji.fr\/index.php\/wp-json\/wp\/v2\/pages"}],"about":[{"href":"https:\/\/prodtest.bouji.fr\/index.php\/wp-json\/wp\/v2\/types\/page"}],"author":[{"embeddable":true,"href":"https:\/\/prodtest.bouji.fr\/index.php\/wp-json\/wp\/v2\/users\/1"}],"replies":[{"embeddable":true,"href":"https:\/\/prodtest.bouji.fr\/index.php\/wp-json\/wp\/v2\/comments?post=1543"}],"version-history":[{"count":4,"href":"https:\/\/prodtest.bouji.fr\/index.php\/wp-json\/wp\/v2\/pages\/1543\/revisions"}],"predecessor-version":[{"id":2048,"href":"https:\/\/prodtest.bouji.fr\/index.php\/wp-json\/wp\/v2\/pages\/1543\/revisions\/2048"}],"wp:featuredmedia":[{"embeddable":true,"href":"https:\/\/prodtest.bouji.fr\/index.php\/wp-json\/wp\/v2\/media\/2063"}],"wp:attachment":[{"href":"https:\/\/prodtest.bouji.fr\/index.php\/wp-json\/wp\/v2\/media?parent=1543"}],"curies":[{"name":"wp","href":"https:\/\/api.w.org\/{rel}","templated":true}]}}