{"id":1427,"date":"2026-03-18T14:20:55","date_gmt":"2026-03-18T13:20:55","guid":{"rendered":"http:\/\/prodtest.bouji.fr\/?page_id=1427"},"modified":"2026-03-20T15:22:59","modified_gmt":"2026-03-20T14:22:59","slug":"equipemunicipale","status":"publish","type":"page","link":"https:\/\/prodtest.bouji.fr\/index.php\/equipemunicipale\/","title":{"rendered":"L&rsquo;\u00e9quipe municipale"},"content":{"rendered":"\n<div class=\"wp-block-group\"><div class=\"wp-block-group__inner-container is-layout-constrained wp-block-group-is-layout-constrained\">\n<div class=\"wp-block-columns is-layout-flex wp-container-core-columns-is-layout-9d6595d7 wp-block-columns-is-layout-flex\">\n<div class=\"wp-block-column is-layout-flow wp-block-column-is-layout-flow\" style=\"flex-basis:18%\">\n            <div class=\"widget shortcode-widget lsvr_person-featured-widget lsvr_person-featured-widget--shortcode\"><div class=\"widget__inner\">\n<div class=\"widget__content lsvr_person-featured-widget__content lsvr_person-featured-widget__content--has-thumb\">\n\n\t\n\t\t\n\t\t\t<p class=\"lsvr_person-featured-widget__thumb\">\n\t\t\t\t<a href=\"https:\/\/prodtest.bouji.fr\/index.php\/people\/jean-francois-vannesson\/\" class=\"lsvr_person-featured-widget__thumb-link\">\n\t\t\t\t\t<img loading=\"lazy\" decoding=\"async\" width=\"300\" height=\"300\" src=\"https:\/\/prodtest.bouji.fr\/wp-content\/uploads\/2026\/03\/jeanfrancois-300x300.jpg\" class=\"attachment-medium size-medium wp-post-image\" alt=\"\" srcset=\"https:\/\/prodtest.bouji.fr\/wp-content\/uploads\/2026\/03\/jeanfrancois-300x300.jpg 300w, https:\/\/prodtest.bouji.fr\/wp-content\/uploads\/2026\/03\/jeanfrancois-1024x1024.jpg 1024w, https:\/\/prodtest.bouji.fr\/wp-content\/uploads\/2026\/03\/jeanfrancois-150x150.jpg 150w, https:\/\/prodtest.bouji.fr\/wp-content\/uploads\/2026\/03\/jeanfrancois-768x768.jpg 768w, https:\/\/prodtest.bouji.fr\/wp-content\/uploads\/2026\/03\/jeanfrancois-1536x1536.jpg 1536w, https:\/\/prodtest.bouji.fr\/wp-content\/uploads\/2026\/03\/jeanfrancois-2048x2048.jpg 2048w\" sizes=\"auto, (max-width: 300px) 100vw, 300px\" \/>\t\t\t\t<\/a>\n\t\t\t<\/p>\n\n\t\t\n\t\t<div class=\"lsvr_person-featured-widget__content-inner\">\n\n\t\t\t<h4 class=\"lsvr_person-featured-widget__title\">\n\t\t\t\t<a href=\"https:\/\/prodtest.bouji.fr\/index.php\/people\/jean-francois-vannesson\/\" class=\"lsvr_person-featured-widget__title-link\">\n\t\t\t\t\tJean-Fran\u00e7ois Vannesson\t\t\t\t<\/a>\n\t\t\t<\/h4>\n\n\t\t\t\n\t\t\t\t<p class=\"lsvr_person-featured-widget__subtitle\">\n\t\t\t\t\tMaire\t\t\t\t<\/p>\n\n\t\t\t\n\t\t\t\n\t\t\t\n    \t\t\t    \t\t\t\n    \t\t\n\t\t\t\n\t\t<\/div>\n\n\t\n<\/div>\n\n<\/div><\/div>\n            <\/div>\n\n\n\n<div class=\"wp-block-column is-layout-flow wp-block-column-is-layout-flow\" style=\"flex-basis:18%\">\n            <div class=\"widget shortcode-widget lsvr_person-featured-widget lsvr_person-featured-widget--shortcode\"><div class=\"widget__inner\">\n<div class=\"widget__content lsvr_person-featured-widget__content lsvr_person-featured-widget__content--has-thumb\">\n\n\t\n\t\t\n\t\t\t<p class=\"lsvr_person-featured-widget__thumb\">\n\t\t\t\t<a href=\"https:\/\/prodtest.bouji.fr\/index.php\/people\/isabelle-paternotte\/\" class=\"lsvr_person-featured-widget__thumb-link\">\n\t\t\t\t\t<img loading=\"lazy\" decoding=\"async\" width=\"300\" height=\"300\" src=\"https:\/\/prodtest.bouji.fr\/wp-content\/uploads\/2026\/03\/Isabellepaternote-300x300.jpg\" class=\"attachment-medium size-medium wp-post-image\" alt=\"\" srcset=\"https:\/\/prodtest.bouji.fr\/wp-content\/uploads\/2026\/03\/Isabellepaternote-300x300.jpg 300w, https:\/\/prodtest.bouji.fr\/wp-content\/uploads\/2026\/03\/Isabellepaternote-1024x1024.jpg 1024w, https:\/\/prodtest.bouji.fr\/wp-content\/uploads\/2026\/03\/Isabellepaternote-150x150.jpg 150w, https:\/\/prodtest.bouji.fr\/wp-content\/uploads\/2026\/03\/Isabellepaternote-768x768.jpg 768w, https:\/\/prodtest.bouji.fr\/wp-content\/uploads\/2026\/03\/Isabellepaternote-1536x1536.jpg 1536w, https:\/\/prodtest.bouji.fr\/wp-content\/uploads\/2026\/03\/Isabellepaternote-2048x2048.jpg 2048w\" sizes=\"auto, (max-width: 300px) 100vw, 300px\" \/>\t\t\t\t<\/a>\n\t\t\t<\/p>\n\n\t\t\n\t\t<div class=\"lsvr_person-featured-widget__content-inner\">\n\n\t\t\t<h4 class=\"lsvr_person-featured-widget__title\">\n\t\t\t\t<a href=\"https:\/\/prodtest.bouji.fr\/index.php\/people\/isabelle-paternotte\/\" class=\"lsvr_person-featured-widget__title-link\">\n\t\t\t\t\tIsabelle Paternotte\t\t\t\t<\/a>\n\t\t\t<\/h4>\n\n\t\t\t\n\t\t\t\t<p class=\"lsvr_person-featured-widget__subtitle\">\n\t\t\t\t\tAdjoint aux affaires sociales\t\t\t\t<\/p>\n\n\t\t\t\n\t\t\t\n\t\t\t\n    \t\t\t    \t\t\t\n    \t\t\n\t\t\t\n\t\t<\/div>\n\n\t\n<\/div>\n\n<\/div><\/div>\n            <\/div>\n\n\n\n<div class=\"wp-block-column is-layout-flow wp-block-column-is-layout-flow\" style=\"flex-basis:18%\">\n            <div class=\"widget shortcode-widget lsvr_person-featured-widget lsvr_person-featured-widget--shortcode\"><div class=\"widget__inner\">\n<div class=\"widget__content lsvr_person-featured-widget__content lsvr_person-featured-widget__content--has-thumb\">\n\n\t\n\t\t\n\t\t\t<p class=\"lsvr_person-featured-widget__thumb\">\n\t\t\t\t<a href=\"https:\/\/prodtest.bouji.fr\/index.php\/people\/jean-louis-guillot\/\" class=\"lsvr_person-featured-widget__thumb-link\">\n\t\t\t\t\t<img loading=\"lazy\" decoding=\"async\" width=\"300\" height=\"300\" src=\"https:\/\/prodtest.bouji.fr\/wp-content\/uploads\/2026\/03\/Jeanlouis-300x300.jpg\" class=\"attachment-medium size-medium wp-post-image\" alt=\"\" srcset=\"https:\/\/prodtest.bouji.fr\/wp-content\/uploads\/2026\/03\/Jeanlouis-300x300.jpg 300w, https:\/\/prodtest.bouji.fr\/wp-content\/uploads\/2026\/03\/Jeanlouis-1024x1024.jpg 1024w, https:\/\/prodtest.bouji.fr\/wp-content\/uploads\/2026\/03\/Jeanlouis-150x150.jpg 150w, https:\/\/prodtest.bouji.fr\/wp-content\/uploads\/2026\/03\/Jeanlouis-768x768.jpg 768w, https:\/\/prodtest.bouji.fr\/wp-content\/uploads\/2026\/03\/Jeanlouis-1536x1536.jpg 1536w, https:\/\/prodtest.bouji.fr\/wp-content\/uploads\/2026\/03\/Jeanlouis-2048x2048.jpg 2048w\" sizes=\"auto, (max-width: 300px) 100vw, 300px\" \/>\t\t\t\t<\/a>\n\t\t\t<\/p>\n\n\t\t\n\t\t<div class=\"lsvr_person-featured-widget__content-inner\">\n\n\t\t\t<h4 class=\"lsvr_person-featured-widget__title\">\n\t\t\t\t<a href=\"https:\/\/prodtest.bouji.fr\/index.php\/people\/jean-louis-guillot\/\" class=\"lsvr_person-featured-widget__title-link\">\n\t\t\t\t\tJean-Louis Guillot\t\t\t\t<\/a>\n\t\t\t<\/h4>\n\n\t\t\t\n\t\t\t\t<p class=\"lsvr_person-featured-widget__subtitle\">\n\t\t\t\t\tAdjoint aux Travaux\t\t\t\t<\/p>\n\n\t\t\t\n\t\t\t\n\t\t\t\n    \t\t\t    \t\t\t\n    \t\t\n\t\t\t\n\t\t<\/div>\n\n\t\n<\/div>\n\n<\/div><\/div>\n            <\/div>\n\n\n\n<div class=\"wp-block-column is-layout-flow wp-block-column-is-layout-flow\" style=\"flex-basis:18%\">\n            <div class=\"widget shortcode-widget lsvr_person-featured-widget lsvr_person-featured-widget--shortcode\"><div class=\"widget__inner\">\n<div class=\"widget__content lsvr_person-featured-widget__content lsvr_person-featured-widget__content--has-thumb\">\n\n\t\n\t\t\n\t\t\t<p class=\"lsvr_person-featured-widget__thumb\">\n\t\t\t\t<a href=\"https:\/\/prodtest.bouji.fr\/index.php\/people\/david-jadot\/\" class=\"lsvr_person-featured-widget__thumb-link\">\n\t\t\t\t\t<img loading=\"lazy\" decoding=\"async\" width=\"300\" height=\"300\" src=\"https:\/\/prodtest.bouji.fr\/wp-content\/uploads\/2026\/03\/david-300x300.jpg\" class=\"attachment-medium size-medium wp-post-image\" alt=\"\" srcset=\"https:\/\/prodtest.bouji.fr\/wp-content\/uploads\/2026\/03\/david-300x300.jpg 300w, https:\/\/prodtest.bouji.fr\/wp-content\/uploads\/2026\/03\/david-1024x1024.jpg 1024w, https:\/\/prodtest.bouji.fr\/wp-content\/uploads\/2026\/03\/david-150x150.jpg 150w, https:\/\/prodtest.bouji.fr\/wp-content\/uploads\/2026\/03\/david-768x768.jpg 768w, https:\/\/prodtest.bouji.fr\/wp-content\/uploads\/2026\/03\/david-1536x1536.jpg 1536w, https:\/\/prodtest.bouji.fr\/wp-content\/uploads\/2026\/03\/david-2048x2048.jpg 2048w\" sizes=\"auto, (max-width: 300px) 100vw, 300px\" \/>\t\t\t\t<\/a>\n\t\t\t<\/p>\n\n\t\t\n\t\t<div class=\"lsvr_person-featured-widget__content-inner\">\n\n\t\t\t<h4 class=\"lsvr_person-featured-widget__title\">\n\t\t\t\t<a href=\"https:\/\/prodtest.bouji.fr\/index.php\/people\/david-jadot\/\" class=\"lsvr_person-featured-widget__title-link\">\n\t\t\t\t\tDavid Jadot\t\t\t\t<\/a>\n\t\t\t<\/h4>\n\n\t\t\t\n\t\t\t\t<p class=\"lsvr_person-featured-widget__subtitle\">\n\t\t\t\t\tAdjoint aux finances\t\t\t\t<\/p>\n\n\t\t\t\n\t\t\t\n\t\t\t\n    \t\t\t    \t\t\t\n    \t\t\n\t\t\t\n\t\t<\/div>\n\n\t\n<\/div>\n\n<\/div><\/div>\n            <\/div>\n<\/div>\n<\/div><\/div>\n\n\n\n<div class=\"wp-block-columns is-layout-flex wp-container-core-columns-is-layout-9d6595d7 wp-block-columns-is-layout-flex\">\n<div class=\"wp-block-column is-layout-flow wp-block-column-is-layout-flow\" style=\"flex-basis:18%\">\n            <div class=\"widget shortcode-widget lsvr_person-featured-widget lsvr_person-featured-widget--shortcode\"><div class=\"widget__inner\">\n<div class=\"widget__content lsvr_person-featured-widget__content lsvr_person-featured-widget__content--has-thumb\">\n\n\t\n\t\t\n\t\t\t<p class=\"lsvr_person-featured-widget__thumb\">\n\t\t\t\t<a href=\"https:\/\/prodtest.bouji.fr\/index.php\/people\/rose-marie-pardo\/\" class=\"lsvr_person-featured-widget__thumb-link\">\n\t\t\t\t\t<img loading=\"lazy\" decoding=\"async\" width=\"300\" height=\"300\" src=\"https:\/\/prodtest.bouji.fr\/wp-content\/uploads\/2026\/03\/rosemarie-300x300.jpg\" class=\"attachment-medium size-medium wp-post-image\" alt=\"\" srcset=\"https:\/\/prodtest.bouji.fr\/wp-content\/uploads\/2026\/03\/rosemarie-300x300.jpg 300w, https:\/\/prodtest.bouji.fr\/wp-content\/uploads\/2026\/03\/rosemarie-1024x1024.jpg 1024w, https:\/\/prodtest.bouji.fr\/wp-content\/uploads\/2026\/03\/rosemarie-150x150.jpg 150w, https:\/\/prodtest.bouji.fr\/wp-content\/uploads\/2026\/03\/rosemarie-768x768.jpg 768w, https:\/\/prodtest.bouji.fr\/wp-content\/uploads\/2026\/03\/rosemarie-1536x1536.jpg 1536w, https:\/\/prodtest.bouji.fr\/wp-content\/uploads\/2026\/03\/rosemarie-2048x2048.jpg 2048w\" sizes=\"auto, (max-width: 300px) 100vw, 300px\" \/>\t\t\t\t<\/a>\n\t\t\t<\/p>\n\n\t\t\n\t\t<div class=\"lsvr_person-featured-widget__content-inner\">\n\n\t\t\t<h4 class=\"lsvr_person-featured-widget__title\">\n\t\t\t\t<a href=\"https:\/\/prodtest.bouji.fr\/index.php\/people\/rose-marie-pardo\/\" class=\"lsvr_person-featured-widget__title-link\">\n\t\t\t\t\tRose-Marie Pardo\t\t\t\t<\/a>\n\t\t\t<\/h4>\n\n\t\t\t\n\t\t\t\t<p class=\"lsvr_person-featured-widget__subtitle\">\n\t\t\t\t\tConseiller d\u00e9l\u00e9gu\u00e9 finances\t\t\t\t<\/p>\n\n\t\t\t\n\t\t\t\n\t\t\t\n    \t\t\t    \t\t\t\n    \t\t\n\t\t\t\n\t\t<\/div>\n\n\t\n<\/div>\n\n<\/div><\/div>\n            <\/div>\n\n\n\n<div class=\"wp-block-column is-layout-flow wp-block-column-is-layout-flow\" style=\"flex-basis:18%\">\n            <div class=\"widget shortcode-widget lsvr_person-featured-widget lsvr_person-featured-widget--shortcode\"><div class=\"widget__inner\">\n<div class=\"widget__content lsvr_person-featured-widget__content lsvr_person-featured-widget__content--has-thumb\">\n\n\t\n\t\t\n\t\t\t<p class=\"lsvr_person-featured-widget__thumb\">\n\t\t\t\t<a href=\"https:\/\/prodtest.bouji.fr\/index.php\/people\/josselin-bastien\/\" class=\"lsvr_person-featured-widget__thumb-link\">\n\t\t\t\t\t<img loading=\"lazy\" decoding=\"async\" width=\"300\" height=\"300\" src=\"https:\/\/prodtest.bouji.fr\/wp-content\/uploads\/2026\/03\/josselin-300x300.jpg\" class=\"attachment-medium size-medium wp-post-image\" alt=\"\" srcset=\"https:\/\/prodtest.bouji.fr\/wp-content\/uploads\/2026\/03\/josselin-300x300.jpg 300w, https:\/\/prodtest.bouji.fr\/wp-content\/uploads\/2026\/03\/josselin-1024x1024.jpg 1024w, https:\/\/prodtest.bouji.fr\/wp-content\/uploads\/2026\/03\/josselin-150x150.jpg 150w, https:\/\/prodtest.bouji.fr\/wp-content\/uploads\/2026\/03\/josselin-768x768.jpg 768w, https:\/\/prodtest.bouji.fr\/wp-content\/uploads\/2026\/03\/josselin-1536x1536.jpg 1536w, https:\/\/prodtest.bouji.fr\/wp-content\/uploads\/2026\/03\/josselin-2048x2048.jpg 2048w\" sizes=\"auto, (max-width: 300px) 100vw, 300px\" \/>\t\t\t\t<\/a>\n\t\t\t<\/p>\n\n\t\t\n\t\t<div class=\"lsvr_person-featured-widget__content-inner\">\n\n\t\t\t<h4 class=\"lsvr_person-featured-widget__title\">\n\t\t\t\t<a href=\"https:\/\/prodtest.bouji.fr\/index.php\/people\/josselin-bastien\/\" class=\"lsvr_person-featured-widget__title-link\">\n\t\t\t\t\tJosselin Bastien\t\t\t\t<\/a>\n\t\t\t<\/h4>\n\n\t\t\t\n\t\t\t\t<p class=\"lsvr_person-featured-widget__subtitle\">\n\t\t\t\t\tConseiller d\u00e9l\u00e9gu\u00e9 \u00e0 la voirie\/urbanisme\t\t\t\t<\/p>\n\n\t\t\t\n\t\t\t\n\t\t\t\n    \t\t\t    \t\t\t\n    \t\t\n\t\t\t\n\t\t<\/div>\n\n\t\n<\/div>\n\n<\/div><\/div>\n            <\/div>\n\n\n\n<div class=\"wp-block-column is-layout-flow wp-block-column-is-layout-flow\" style=\"flex-basis:18%\">\n            <div class=\"widget shortcode-widget lsvr_person-featured-widget lsvr_person-featured-widget--shortcode\"><div class=\"widget__inner\">\n<div class=\"widget__content lsvr_person-featured-widget__content lsvr_person-featured-widget__content--has-thumb\">\n\n\t\n\t\t\n\t\t\t<p class=\"lsvr_person-featured-widget__thumb\">\n\t\t\t\t<a href=\"https:\/\/prodtest.bouji.fr\/index.php\/people\/isabelle-guedel\/\" class=\"lsvr_person-featured-widget__thumb-link\">\n\t\t\t\t\t<img loading=\"lazy\" decoding=\"async\" width=\"300\" height=\"300\" src=\"https:\/\/prodtest.bouji.fr\/wp-content\/uploads\/2026\/03\/isabelleguedel-300x300.jpg\" class=\"attachment-medium size-medium wp-post-image\" alt=\"\" srcset=\"https:\/\/prodtest.bouji.fr\/wp-content\/uploads\/2026\/03\/isabelleguedel-300x300.jpg 300w, https:\/\/prodtest.bouji.fr\/wp-content\/uploads\/2026\/03\/isabelleguedel-1024x1024.jpg 1024w, https:\/\/prodtest.bouji.fr\/wp-content\/uploads\/2026\/03\/isabelleguedel-150x150.jpg 150w, https:\/\/prodtest.bouji.fr\/wp-content\/uploads\/2026\/03\/isabelleguedel-768x768.jpg 768w, https:\/\/prodtest.bouji.fr\/wp-content\/uploads\/2026\/03\/isabelleguedel-1536x1536.jpg 1536w, https:\/\/prodtest.bouji.fr\/wp-content\/uploads\/2026\/03\/isabelleguedel-2048x2048.jpg 2048w\" sizes=\"auto, (max-width: 300px) 100vw, 300px\" \/>\t\t\t\t<\/a>\n\t\t\t<\/p>\n\n\t\t\n\t\t<div class=\"lsvr_person-featured-widget__content-inner\">\n\n\t\t\t<h4 class=\"lsvr_person-featured-widget__title\">\n\t\t\t\t<a href=\"https:\/\/prodtest.bouji.fr\/index.php\/people\/isabelle-guedel\/\" class=\"lsvr_person-featured-widget__title-link\">\n\t\t\t\t\tIsabelle Guedel\t\t\t\t<\/a>\n\t\t\t<\/h4>\n\n\t\t\t\n\t\t\t\t<p class=\"lsvr_person-featured-widget__subtitle\">\n\t\t\t\t\tConseiller d\u00e9l\u00e9gu\u00e9 associatif\t\t\t\t<\/p>\n\n\t\t\t\n\t\t\t\n\t\t\t\n    \t\t\t    \t\t\t\n    \t\t\n\t\t\t\n\t\t<\/div>\n\n\t\n<\/div>\n\n<\/div><\/div>\n            <\/div>\n\n\n\n<div class=\"wp-block-column is-layout-flow wp-block-column-is-layout-flow\" style=\"flex-basis:18%\">\n            <div class=\"widget shortcode-widget lsvr_person-featured-widget lsvr_person-featured-widget--shortcode\"><div class=\"widget__inner\">\n<div class=\"widget__content lsvr_person-featured-widget__content lsvr_person-featured-widget__content--has-thumb\">\n\n\t\n\t\t\n\t\t\t<p class=\"lsvr_person-featured-widget__thumb\">\n\t\t\t\t<a href=\"https:\/\/prodtest.bouji.fr\/index.php\/people\/thomas-noel\/\" class=\"lsvr_person-featured-widget__thumb-link\">\n\t\t\t\t\t<img loading=\"lazy\" decoding=\"async\" width=\"300\" height=\"300\" src=\"https:\/\/prodtest.bouji.fr\/wp-content\/uploads\/2026\/03\/noelthomas-300x300.jpg\" class=\"attachment-medium size-medium wp-post-image\" alt=\"\" srcset=\"https:\/\/prodtest.bouji.fr\/wp-content\/uploads\/2026\/03\/noelthomas-300x300.jpg 300w, https:\/\/prodtest.bouji.fr\/wp-content\/uploads\/2026\/03\/noelthomas-1024x1024.jpg 1024w, https:\/\/prodtest.bouji.fr\/wp-content\/uploads\/2026\/03\/noelthomas-150x150.jpg 150w, https:\/\/prodtest.bouji.fr\/wp-content\/uploads\/2026\/03\/noelthomas-768x768.jpg 768w, https:\/\/prodtest.bouji.fr\/wp-content\/uploads\/2026\/03\/noelthomas-1536x1536.jpg 1536w, https:\/\/prodtest.bouji.fr\/wp-content\/uploads\/2026\/03\/noelthomas-2048x2048.jpg 2048w\" sizes=\"auto, (max-width: 300px) 100vw, 300px\" \/>\t\t\t\t<\/a>\n\t\t\t<\/p>\n\n\t\t\n\t\t<div class=\"lsvr_person-featured-widget__content-inner\">\n\n\t\t\t<h4 class=\"lsvr_person-featured-widget__title\">\n\t\t\t\t<a href=\"https:\/\/prodtest.bouji.fr\/index.php\/people\/thomas-noel\/\" class=\"lsvr_person-featured-widget__title-link\">\n\t\t\t\t\tThomas Noel\t\t\t\t<\/a>\n\t\t\t<\/h4>\n\n\t\t\t\n\t\t\t\t<p class=\"lsvr_person-featured-widget__subtitle\">\n\t\t\t\t\tConseiller d\u00e9l\u00e9gu\u00e9 \u00e0 la communication\t\t\t\t<\/p>\n\n\t\t\t\n\t\t\t\n\t\t\t\n    \t\t\t    \t\t\t\n    \t\t\n\t\t\t\n\t\t<\/div>\n\n\t\n<\/div>\n\n<\/div><\/div>\n            <\/div>\n<\/div>\n\n\n\n<div class=\"wp-block-columns is-layout-flex wp-container-core-columns-is-layout-9d6595d7 wp-block-columns-is-layout-flex\">\n<div class=\"wp-block-column is-layout-flow wp-block-column-is-layout-flow\" style=\"flex-basis:18%\">\n            <div class=\"widget shortcode-widget lsvr_person-featured-widget lsvr_person-featured-widget--shortcode\"><div class=\"widget__inner\">\n<div class=\"widget__content lsvr_person-featured-widget__content lsvr_person-featured-widget__content--has-thumb\">\n\n\t\n\t\t\n\t\t\t<p class=\"lsvr_person-featured-widget__thumb\">\n\t\t\t\t<a href=\"https:\/\/prodtest.bouji.fr\/index.php\/people\/dorothee-gigout\/\" class=\"lsvr_person-featured-widget__thumb-link\">\n\t\t\t\t\t<img loading=\"lazy\" decoding=\"async\" width=\"300\" height=\"300\" src=\"https:\/\/prodtest.bouji.fr\/wp-content\/uploads\/2026\/03\/dorothee-300x300.jpg\" class=\"attachment-medium size-medium wp-post-image\" alt=\"\" srcset=\"https:\/\/prodtest.bouji.fr\/wp-content\/uploads\/2026\/03\/dorothee-300x300.jpg 300w, https:\/\/prodtest.bouji.fr\/wp-content\/uploads\/2026\/03\/dorothee-1024x1024.jpg 1024w, https:\/\/prodtest.bouji.fr\/wp-content\/uploads\/2026\/03\/dorothee-150x150.jpg 150w, https:\/\/prodtest.bouji.fr\/wp-content\/uploads\/2026\/03\/dorothee-768x768.jpg 768w, https:\/\/prodtest.bouji.fr\/wp-content\/uploads\/2026\/03\/dorothee-1536x1536.jpg 1536w, https:\/\/prodtest.bouji.fr\/wp-content\/uploads\/2026\/03\/dorothee-2048x2048.jpg 2048w\" sizes=\"auto, (max-width: 300px) 100vw, 300px\" \/>\t\t\t\t<\/a>\n\t\t\t<\/p>\n\n\t\t\n\t\t<div class=\"lsvr_person-featured-widget__content-inner\">\n\n\t\t\t<h4 class=\"lsvr_person-featured-widget__title\">\n\t\t\t\t<a href=\"https:\/\/prodtest.bouji.fr\/index.php\/people\/dorothee-gigout\/\" class=\"lsvr_person-featured-widget__title-link\">\n\t\t\t\t\tDoroth\u00e9e Gigout\t\t\t\t<\/a>\n\t\t\t<\/h4>\n\n\t\t\t\n\t\t\t\t<p class=\"lsvr_person-featured-widget__subtitle\">\n\t\t\t\t\tConseiller\t\t\t\t<\/p>\n\n\t\t\t\n\t\t\t\n\t\t\t\n    \t\t\t    \t\t\t\n    \t\t\n\t\t\t\n\t\t<\/div>\n\n\t\n<\/div>\n\n<\/div><\/div>\n            <\/div>\n\n\n\n<div class=\"wp-block-column is-layout-flow wp-block-column-is-layout-flow\" style=\"flex-basis:18%\">\n            <div class=\"widget shortcode-widget lsvr_person-featured-widget lsvr_person-featured-widget--shortcode\"><div class=\"widget__inner\">\n<div class=\"widget__content lsvr_person-featured-widget__content lsvr_person-featured-widget__content--has-thumb\">\n\n\t\n\t\t\n\t\t\t<p class=\"lsvr_person-featured-widget__thumb\">\n\t\t\t\t<a href=\"https:\/\/prodtest.bouji.fr\/index.php\/people\/franck-defferrard\/\" class=\"lsvr_person-featured-widget__thumb-link\">\n\t\t\t\t\t<img loading=\"lazy\" decoding=\"async\" width=\"300\" height=\"300\" src=\"https:\/\/prodtest.bouji.fr\/wp-content\/uploads\/2026\/03\/franck-300x300.jpg\" class=\"attachment-medium size-medium wp-post-image\" alt=\"\" srcset=\"https:\/\/prodtest.bouji.fr\/wp-content\/uploads\/2026\/03\/franck-300x300.jpg 300w, https:\/\/prodtest.bouji.fr\/wp-content\/uploads\/2026\/03\/franck-1024x1024.jpg 1024w, https:\/\/prodtest.bouji.fr\/wp-content\/uploads\/2026\/03\/franck-150x150.jpg 150w, https:\/\/prodtest.bouji.fr\/wp-content\/uploads\/2026\/03\/franck-768x768.jpg 768w, https:\/\/prodtest.bouji.fr\/wp-content\/uploads\/2026\/03\/franck-1536x1536.jpg 1536w, https:\/\/prodtest.bouji.fr\/wp-content\/uploads\/2026\/03\/franck-2048x2048.jpg 2048w\" sizes=\"auto, (max-width: 300px) 100vw, 300px\" \/>\t\t\t\t<\/a>\n\t\t\t<\/p>\n\n\t\t\n\t\t<div class=\"lsvr_person-featured-widget__content-inner\">\n\n\t\t\t<h4 class=\"lsvr_person-featured-widget__title\">\n\t\t\t\t<a href=\"https:\/\/prodtest.bouji.fr\/index.php\/people\/franck-defferrard\/\" class=\"lsvr_person-featured-widget__title-link\">\n\t\t\t\t\tFranck Defferrard\t\t\t\t<\/a>\n\t\t\t<\/h4>\n\n\t\t\t\n\t\t\t\t<p class=\"lsvr_person-featured-widget__subtitle\">\n\t\t\t\t\tConseiller\t\t\t\t<\/p>\n\n\t\t\t\n\t\t\t\n\t\t\t\n    \t\t\t    \t\t\t\n    \t\t\n\t\t\t\n\t\t<\/div>\n\n\t\n<\/div>\n\n<\/div><\/div>\n            <\/div>\n\n\n\n<div class=\"wp-block-column is-layout-flow wp-block-column-is-layout-flow\" style=\"flex-basis:18%\">\n            <div class=\"widget shortcode-widget lsvr_person-featured-widget lsvr_person-featured-widget--shortcode\"><div class=\"widget__inner\">\n<div class=\"widget__content lsvr_person-featured-widget__content lsvr_person-featured-widget__content--has-thumb\">\n\n\t\n\t\t\n\t\t\t<p class=\"lsvr_person-featured-widget__thumb\">\n\t\t\t\t<a href=\"https:\/\/prodtest.bouji.fr\/index.php\/people\/julie-colson\/\" class=\"lsvr_person-featured-widget__thumb-link\">\n\t\t\t\t\t<img loading=\"lazy\" decoding=\"async\" width=\"300\" height=\"300\" src=\"https:\/\/prodtest.bouji.fr\/wp-content\/uploads\/2026\/03\/julie2-300x300.jpg\" class=\"attachment-medium size-medium wp-post-image\" alt=\"\" srcset=\"https:\/\/prodtest.bouji.fr\/wp-content\/uploads\/2026\/03\/julie2-300x300.jpg 300w, https:\/\/prodtest.bouji.fr\/wp-content\/uploads\/2026\/03\/julie2-1024x1024.jpg 1024w, https:\/\/prodtest.bouji.fr\/wp-content\/uploads\/2026\/03\/julie2-150x150.jpg 150w, https:\/\/prodtest.bouji.fr\/wp-content\/uploads\/2026\/03\/julie2-768x768.jpg 768w, https:\/\/prodtest.bouji.fr\/wp-content\/uploads\/2026\/03\/julie2-1536x1536.jpg 1536w, https:\/\/prodtest.bouji.fr\/wp-content\/uploads\/2026\/03\/julie2-2048x2048.jpg 2048w\" sizes=\"auto, (max-width: 300px) 100vw, 300px\" \/>\t\t\t\t<\/a>\n\t\t\t<\/p>\n\n\t\t\n\t\t<div class=\"lsvr_person-featured-widget__content-inner\">\n\n\t\t\t<h4 class=\"lsvr_person-featured-widget__title\">\n\t\t\t\t<a href=\"https:\/\/prodtest.bouji.fr\/index.php\/people\/julie-colson\/\" class=\"lsvr_person-featured-widget__title-link\">\n\t\t\t\t\tJulie Colson\t\t\t\t<\/a>\n\t\t\t<\/h4>\n\n\t\t\t\n\t\t\t\t<p class=\"lsvr_person-featured-widget__subtitle\">\n\t\t\t\t\tConseiller \t\t\t\t<\/p>\n\n\t\t\t\n\t\t\t\n\t\t\t\n    \t\t\t    \t\t\t\n    \t\t\n\t\t\t\n\t\t<\/div>\n\n\t\n<\/div>\n\n<\/div><\/div>\n            <\/div>\n\n\n\n<div class=\"wp-block-column is-layout-flow wp-block-column-is-layout-flow\" style=\"flex-basis:18%\">\n            <div class=\"widget shortcode-widget lsvr_person-featured-widget lsvr_person-featured-widget--shortcode\"><div class=\"widget__inner\">\n<div class=\"widget__content lsvr_person-featured-widget__content\">\n\n\t\n\t\t\n\t\t<div class=\"lsvr_person-featured-widget__content-inner\">\n\n\t\t\t<h4 class=\"lsvr_person-featured-widget__title\">\n\t\t\t\t<a href=\"https:\/\/prodtest.bouji.fr\/index.php\/people\/emmanuel-delautre\/\" class=\"lsvr_person-featured-widget__title-link\">\n\t\t\t\t\tEmmanuel Delautre\t\t\t\t<\/a>\n\t\t\t<\/h4>\n\n\t\t\t\n\t\t\t\t<p class=\"lsvr_person-featured-widget__subtitle\">\n\t\t\t\t\tConseiller\t\t\t\t<\/p>\n\n\t\t\t\n\t\t\t\n\t\t\t\n    \t\t\t    \t\t\t\n    \t\t\n\t\t\t\n\t\t<\/div>\n\n\t\n<\/div>\n\n<\/div><\/div>\n            <\/div>\n<\/div>\n\n\n\n<div class=\"wp-block-columns is-layout-flex wp-container-core-columns-is-layout-9d6595d7 wp-block-columns-is-layout-flex\">\n<div class=\"wp-block-column is-layout-flow wp-block-column-is-layout-flow\" style=\"flex-basis:18%\">\n            <div class=\"widget shortcode-widget lsvr_person-featured-widget lsvr_person-featured-widget--shortcode\"><div class=\"widget__inner\">\n<div class=\"widget__content lsvr_person-featured-widget__content\">\n\n\t\n\t\t\n\t\t<div class=\"lsvr_person-featured-widget__content-inner\">\n\n\t\t\t<h4 class=\"lsvr_person-featured-widget__title\">\n\t\t\t\t<a href=\"https:\/\/prodtest.bouji.fr\/index.php\/people\/cyrielle-vincent-viry\/\" class=\"lsvr_person-featured-widget__title-link\">\n\t\t\t\t\tCyrielle Vincent-Viry\t\t\t\t<\/a>\n\t\t\t<\/h4>\n\n\t\t\t\n\t\t\t\t<p class=\"lsvr_person-featured-widget__subtitle\">\n\t\t\t\t\tConseiller\t\t\t\t<\/p>\n\n\t\t\t\n\t\t\t\n\t\t\t\n    \t\t\t    \t\t\t\n    \t\t\n\t\t\t\n\t\t<\/div>\n\n\t\n<\/div>\n\n<\/div><\/div>\n            <\/div>\n\n\n\n<div class=\"wp-block-column is-layout-flow wp-block-column-is-layout-flow\" style=\"flex-basis:18%\">\n            <div class=\"widget shortcode-widget lsvr_person-featured-widget lsvr_person-featured-widget--shortcode\"><div class=\"widget__inner\">\n<div class=\"widget__content lsvr_person-featured-widget__content\">\n\n\t\n\t\t\n\t\t<div class=\"lsvr_person-featured-widget__content-inner\">\n\n\t\t\t<h4 class=\"lsvr_person-featured-widget__title\">\n\t\t\t\t<a href=\"https:\/\/prodtest.bouji.fr\/index.php\/people\/philippe-holderbach\/\" class=\"lsvr_person-featured-widget__title-link\">\n\t\t\t\t\tPhilippe Holderbach\t\t\t\t<\/a>\n\t\t\t<\/h4>\n\n\t\t\t\n\t\t\t\t<p class=\"lsvr_person-featured-widget__subtitle\">\n\t\t\t\t\tConseiller\t\t\t\t<\/p>\n\n\t\t\t\n\t\t\t\n\t\t\t\n    \t\t\t    \t\t\t\n    \t\t\n\t\t\t\n\t\t<\/div>\n\n\t\n<\/div>\n\n<\/div><\/div>\n            <\/div>\n\n\n\n<div class=\"wp-block-column is-layout-flow wp-block-column-is-layout-flow\" style=\"flex-basis:25%\"><\/div>\n\n\n\n<div class=\"wp-block-column is-layout-flow wp-block-column-is-layout-flow\" style=\"flex-basis:25%\"><\/div>\n<\/div>\n","protected":false},"excerpt":{"rendered":"","protected":false},"author":1,"featured_media":0,"parent":0,"menu_order":0,"comment_status":"closed","ping_status":"closed","template":"","meta":{"footnotes":""},"class_list":["post-1427","page","type-page","status-publish","hentry"],"_links":{"self":[{"href":"https:\/\/prodtest.bouji.fr\/index.php\/wp-json\/wp\/v2\/pages\/1427","targetHints":{"allow":["GET"]}}],"collection":[{"href":"https:\/\/prodtest.bouji.fr\/index.php\/wp-json\/wp\/v2\/pages"}],"about":[{"href":"https:\/\/prodtest.bouji.fr\/index.php\/wp-json\/wp\/v2\/types\/page"}],"author":[{"embeddable":true,"href":"https:\/\/prodtest.bouji.fr\/index.php\/wp-json\/wp\/v2\/users\/1"}],"replies":[{"embeddable":true,"href":"https:\/\/prodtest.bouji.fr\/index.php\/wp-json\/wp\/v2\/comments?post=1427"}],"version-history":[{"count":13,"href":"https:\/\/prodtest.bouji.fr\/index.php\/wp-json\/wp\/v2\/pages\/1427\/revisions"}],"predecessor-version":[{"id":1744,"href":"https:\/\/prodtest.bouji.fr\/index.php\/wp-json\/wp\/v2\/pages\/1427\/revisions\/1744"}],"wp:attachment":[{"href":"https:\/\/prodtest.bouji.fr\/index.php\/wp-json\/wp\/v2\/media?parent=1427"}],"curies":[{"name":"wp","href":"https:\/\/api.w.org\/{rel}","templated":true}]}}