{"id":1405,"date":"2026-03-18T14:19:25","date_gmt":"2026-03-18T13:19:25","guid":{"rendered":"http:\/\/prodtest.bouji.fr\/?page_id=1405"},"modified":"2026-03-27T00:06:29","modified_gmt":"2026-03-26T23:06:29","slug":"histoire-et-patrimoine","status":"publish","type":"page","link":"https:\/\/prodtest.bouji.fr\/index.php\/histoire-et-patrimoine\/","title":{"rendered":"Histoire et patrimoine"},"content":{"rendered":"\n<p>Pour retracer l\u2019histoire de Lenoncourt, nous avons la chance de pouvoir compter sur Mme Anne Bard, historienne et habitante du village, qui en partage la m\u00e9moire avec passion.<\/p>\n\n\n\n<p><\/p>\n\n\n\n<p>La vie actuelle est la cons\u00e9quence historique des \u00e9v\u00e9nements d\u2019hier, de deux ans, trois si\u00e8cles, deux mille ans et m\u00eame bien avant !<br>Ainsi que dans la plupart des petits villages, il y a les monuments principaux : mairie, \u00e9cole, \u00e9glise. A Lenoncourt, \u00e0 noter \u00e9galement un commerce de proximit\u00e9 : le Rural.<br>Le village de Lenoncourt existait bien avant Nancy. Les premi\u00e8res traces de la pr\u00e9sence de l\u2019homme \u00e0 Lenoncourt remontent \u00e0 300.000 ans. Les habitants de Lenoncourt furent successivement Gaulois, Francs, Allemands, Lorrains, puis Fran\u00e7ais depuis 1766.<br>Les terres de Lenoncourt, sans doute tr\u00e8s importantes aux yeux des ducs de Lorraine, \u00e9taient sous protectorat. Au 10\u00e8me si\u00e8cle, il y eut donation de la secr\u00e8te *, r\u00e9dig\u00e9e \u00e0 l\u2019abbaye de Remiremont : Ecclesia de Lenoncourt et terra de Lewanna. (Pour l\u2019\u00e9glise et les terres lui appartenant) * La secr\u00e8te \u00e9tait une nonne charg\u00e9e du domaine des biens des \u00e9glises. <\/p>\n\n\n\n<p>Si Lenoncourt poss\u00e9dant d\u00e9j\u00e0 une \u00e9glise au 10\u00e8me si\u00e8cle, il est fort probable qu\u2019il y avait \u00e9galement<br>un ch\u00e2teau ! La Grande Rue de Lenoncourt n\u2019existait pas encore. La sortie \u00e9tait situ\u00e9e sur la route de Buissoncourt. Le ch\u00e2teau actuel, class\u00e9 aux monuments historiques, aurait \u00e9t\u00e9 construit par les Templiers. Il est certain que l\u2019\u00e9glise et le ch\u00e2teau furent remani\u00e9s plusieurs fois durant leur longue vie et selon les moyens de leurs diff\u00e9rents propri\u00e9taires. Leurs histoires sont totalement li\u00e9es. <\/p>\n\n\n\n<p> L\u2019\u00e9glise fut retravaill\u00e9e, rallong\u00e9e et r\u00e9hauss\u00e9e au fil du temps. Vers le 12-13\u00e8me si\u00e8cle, elle devait avoir la longueur du ch\u0153ur actuel, soit six m\u00e8tres. C\u2019est la seule partie en style gothique. Louis de Lisseras, seigneur de Lenoncourt fit construire au-dessus de la crypte de l\u2019\u00e9glise, la chapelle castrale, au d\u00e9but du 17\u00e8me pour recevoir sa s\u00e9pulture et celle de Catherine de Ludres, sa femme.<\/p>\n\n\n\n<p><br>Quelques ossements des seigneurs, trouv\u00e9s dans le sol de l\u2019\u00e9glise ont \u00e9t\u00e9 d\u00e9pos\u00e9s dans la crypte et les dalles fun\u00e9raires sont pos\u00e9es sur le sol de la chapelle. A Lenoncourt, le cur\u00e9 avan\u00e7ait le salaire de l\u2019instituteur. Il n\u2019y a vraiment pas de quoi s\u2019\u00e9tonner \u2026 L\u2019instituteur jouait \u00e9galement le r\u00f4le de sacristain ! Anne de Birague (Ancienne propri\u00e9taire du ch\u00e2teau) fit donation d\u2019un terrain pour y construire une mairie-\u00e9cole. Par la suite, une puis deux classes ont \u00e9t\u00e9 construites. Plus tard, la mairie est devenue mairie \u00e0 part enti\u00e8re.<\/p>\n\n\n\n            <div class=\"widget shortcode-widget lsvr_document-featured-widget lsvr_document-featured-widget--shortcode\"><div class=\"widget__inner\">\n<div class=\"widget__content lsvr_document-featured-widget__content\">\n\n\t\n\t\t<div class=\"lsvr_document-featured-widget__content-inner\">\n\n\t        \n\t            <p class=\"lsvr_document-featured-widget__category\">\n\t                <a href=\"https:\/\/prodtest.bouji.fr\/index.php\/document-category\/histoire-et-patrimoine\/\" class=\"lsvr_document-featured-widget__category-link\">Histoire et patrimoine<\/a>\t            <\/p>\n\n\t        \n\t\t\t<h4 class=\"lsvr_document-featured-widget__title\">\n\t\t\t\t<a href=\"https:\/\/prodtest.bouji.fr\/index.php\/documents\/vie-actuelle-et-vie-dantan\/\" class=\"lsvr_document-featured-widget__title-link\">\n\t\t\t\t\tVie Actuelle et vie d&rsquo;antan\t\t\t\t<\/a>\n\t\t\t<\/h4>\n\n\t\t\t\n\t\t\t\n\t\t\t\n\t\t\t\t\t\t\t\t\n\t\t\t\t\t<ul class=\"lsvr_document-featured-widget__attachments\" title=\"Pi\u00e8ces jointes\">\n\n\t\t\t\t\t\t\n\t\t\t\t\t\t\t<li class=\"lsvr_document-featured-widget__attachment\">\n\n\t    \t\t\t\t\t\t<span class=\"lsvr_document-featured-widget__attachment-icon lsvr_document-attachment-icon lsvr_document-attachment-icon--pdf lsvr_document-attachment-icon--pdf\"\n\t    \t\t\t\t\t\t\taria-hidden=\"true\"><\/span>\n\n\t\t\t\t\t\t\t\t<a href=\"https:\/\/prodtest.bouji.fr\/wp-content\/uploads\/2026\/03\/Vie-actuelle-et-vie-dantan.pdf\"\n\t\t\t\t\t\t\t\t\ttarget=\"_blank\"\n\t\t\t\t\t\t\t\t\tclass=\"lsvr_document-featured-widget__attachment-link\">\n\t\t\t\t\t\t\t\t\tVie-actuelle-et-vie-dantan.pdf\t\t\t\t\t\t\t\t<\/a>\n\n\t\t\t\t\t\t\t\t\n\t\t\t\t\t\t\t\t\n\t\t\t\t\t\t\t\t\t<span class=\"lsvr_document-featured-widget__attachment-filesize-wrapper\" role=\"group\">\n\t\t\t\t\t\t\t\t\t\t<span class=\"screen-reader-text\">Taille du fichier :<\/span>\n\t\t\t\t\t\t\t\t\t\t<span class=\"lsvr_document-featured-widget__attachment-filesize\">3 MB<\/span>\n\t\t\t\t\t\t\t\t\t<\/span>\n\n\t\t\t\t\t\t\t\t\n\t\t\t\t\t\t\t\t\n\t\t\t\t\t\t\t<\/li>\n\n\t\t\t\t\t\t\n\t\t\t\t\t<\/ul>\n\n\t\t\t\t\n\t\t\t\n\t\t\t\n\t\t<\/div>\n\n\t\n<\/div>\n\n<\/div><\/div>\n            ","protected":false},"excerpt":{"rendered":"<p>Pour retracer l\u2019histoire de Lenoncourt, nous avons la chance de pouvoir compter sur Mme Anne Bard, historienne et habitante du village, qui en partage la m\u00e9moire avec passion. La vie actuelle est la cons\u00e9quence historique des \u00e9v\u00e9nements d\u2019hier, de deux ans, trois si\u00e8cles, deux mille ans et m\u00eame bien avant !Ainsi que dans la plupart [&hellip;]<\/p>\n","protected":false},"author":1,"featured_media":0,"parent":0,"menu_order":0,"comment_status":"closed","ping_status":"closed","template":"","meta":{"footnotes":""},"class_list":["post-1405","page","type-page","status-publish","hentry"],"_links":{"self":[{"href":"https:\/\/prodtest.bouji.fr\/index.php\/wp-json\/wp\/v2\/pages\/1405","targetHints":{"allow":["GET"]}}],"collection":[{"href":"https:\/\/prodtest.bouji.fr\/index.php\/wp-json\/wp\/v2\/pages"}],"about":[{"href":"https:\/\/prodtest.bouji.fr\/index.php\/wp-json\/wp\/v2\/types\/page"}],"author":[{"embeddable":true,"href":"https:\/\/prodtest.bouji.fr\/index.php\/wp-json\/wp\/v2\/users\/1"}],"replies":[{"embeddable":true,"href":"https:\/\/prodtest.bouji.fr\/index.php\/wp-json\/wp\/v2\/comments?post=1405"}],"version-history":[{"count":4,"href":"https:\/\/prodtest.bouji.fr\/index.php\/wp-json\/wp\/v2\/pages\/1405\/revisions"}],"predecessor-version":[{"id":1995,"href":"https:\/\/prodtest.bouji.fr\/index.php\/wp-json\/wp\/v2\/pages\/1405\/revisions\/1995"}],"wp:attachment":[{"href":"https:\/\/prodtest.bouji.fr\/index.php\/wp-json\/wp\/v2\/media?parent=1405"}],"curies":[{"name":"wp","href":"https:\/\/api.w.org\/{rel}","templated":true}]}}